{"id":1315,"date":"2024-07-31T09:27:29","date_gmt":"2024-07-31T07:27:29","guid":{"rendered":"https:\/\/citt-bio.madrimasd.org\/?page_id=1315"},"modified":"2024-07-31T09:27:30","modified_gmt":"2024-07-31T07:27:30","slug":"el-cluster-citt-bio-presenta-en-la-inauguracion-de-los-cursos-de-verano-2024-el-curso-neurotecnologia-en-madrid-ciencia-clinica-y-emprendimiento","status":"publish","type":"page","link":"https:\/\/citt-bio.madrimasd.org\/index.php\/noticias\/el-cluster-citt-bio-presenta-en-la-inauguracion-de-los-cursos-de-verano-2024-el-curso-neurotecnologia-en-madrid-ciencia-clinica-y-emprendimiento\/","title":{"rendered":"El Cl\u00faster CITT-BIO presenta en la inauguraci\u00f3n de los Cursos de Verano 2024 el curso \u201cNeurotecnolog\u00eda en Madrid: Ciencia, Cl\u00ednica y Emprendimiento\u201d"},"content":{"rendered":"\n<div style=\"height:30px\" aria-hidden=\"true\" class=\"wp-block-spacer\"><\/div>\n\n\n\n<figure class=\"wp-block-image aligncenter size-large is-resized\"><img loading=\"lazy\" decoding=\"async\" width=\"1024\" height=\"288\" src=\"http:\/\/citt-bio.madrimasd.org\/wp-content\/uploads\/2024\/05\/SLIDER-ESCORIAL-1024x288.jpg\" alt=\"\" class=\"wp-image-1248\" style=\"width:930px;height:auto\" srcset=\"https:\/\/citt-bio.madrimasd.org\/wp-content\/uploads\/2024\/05\/SLIDER-ESCORIAL-1024x288.jpg 1024w, https:\/\/citt-bio.madrimasd.org\/wp-content\/uploads\/2024\/05\/SLIDER-ESCORIAL-300x84.jpg 300w, https:\/\/citt-bio.madrimasd.org\/wp-content\/uploads\/2024\/05\/SLIDER-ESCORIAL-768x216.jpg 768w, https:\/\/citt-bio.madrimasd.org\/wp-content\/uploads\/2024\/05\/SLIDER-ESCORIAL-1536x431.jpg 1536w, https:\/\/citt-bio.madrimasd.org\/wp-content\/uploads\/2024\/05\/SLIDER-ESCORIAL-2048x575.jpg 2048w\" sizes=\"auto, (max-width: 1024px) 100vw, 1024px\" \/><\/figure>\n\n\n\n<div style=\"height:30px\" aria-hidden=\"true\" class=\"wp-block-spacer\"><\/div>\n\n\n\n<div class=\"wp-block-media-text has-media-on-the-right is-stacked-on-mobile\" style=\"grid-template-columns:auto 44%\"><div class=\"wp-block-media-text__content\">\n<p>El pasado viernes 5 de julio, el Museo del Traje acogi\u00f3 la inauguraci\u00f3n de los cursos de verano de la Comunidad de Madrid, bajo el lema \u201c<strong>Madrid, veranos de innovaci\u00f3n y ciencia<\/strong>\u201d. La jornada fue inaugurada por <strong>D. Emilio Viciana Duro<\/strong>, consejero de Educaci\u00f3n, Ciencia y Universidades de la Comunidad de Madrid. Seguidamente, D\u00f1a. Luc\u00eda de Juan Ferre, Vicerrectora de Investigaci\u00f3n y Transferencia de la Universidad Complutense de Madrid, present\u00f3 los diversos cursos de verano.<\/p>\n\n\n\n<p>Este evento, enmarcado en los Cursos de Verano de El Escorial, destac\u00f3 la colaboraci\u00f3n de los cl\u00fasteres de Innovaci\u00f3n Tecnol\u00f3gica y Talento (CITT) en \u00e1reas estrat\u00e9gicas:<\/p>\n\n\n\n<ul class=\"wp-block-list\">\n<li>Tecnolog\u00edas del Espacio<\/li>\n\n\n\n<li><strong>Tecnolog\u00edas Biom\u00e9dicas y Biotecnolog\u00eda &#8211; CITT-BIO<\/strong><\/li>\n\n\n\n<li>Semiconductores<\/li>\n\n\n\n<li>Humanidades Digitales y Tecnolog\u00edas del Espa\u00f1ol<\/li>\n<\/ul>\n<\/div><figure class=\"wp-block-media-text__media\"><img loading=\"lazy\" decoding=\"async\" width=\"1024\" height=\"768\" src=\"http:\/\/citt-bio.madrimasd.org\/wp-content\/uploads\/2024\/07\/916ece29-b72a-46f7-bd7c-da5ea881225f-1024x768.jpg\" alt=\"\" class=\"wp-image-1279 size-full\" srcset=\"https:\/\/citt-bio.madrimasd.org\/wp-content\/uploads\/2024\/07\/916ece29-b72a-46f7-bd7c-da5ea881225f-1024x768.jpg 1024w, https:\/\/citt-bio.madrimasd.org\/wp-content\/uploads\/2024\/07\/916ece29-b72a-46f7-bd7c-da5ea881225f-300x225.jpg 300w, https:\/\/citt-bio.madrimasd.org\/wp-content\/uploads\/2024\/07\/916ece29-b72a-46f7-bd7c-da5ea881225f-768x576.jpg 768w, https:\/\/citt-bio.madrimasd.org\/wp-content\/uploads\/2024\/07\/916ece29-b72a-46f7-bd7c-da5ea881225f-1536x1152.jpg 1536w, https:\/\/citt-bio.madrimasd.org\/wp-content\/uploads\/2024\/07\/916ece29-b72a-46f7-bd7c-da5ea881225f.jpg 2040w\" sizes=\"auto, (max-width: 1024px) 100vw, 1024px\" \/><\/figure><\/div>\n\n\n\n<div style=\"height:30px\" aria-hidden=\"true\" class=\"wp-block-spacer\"><\/div>\n\n\n\n<div class=\"wp-block-media-text is-stacked-on-mobile\" style=\"grid-template-columns:52% auto\"><figure class=\"wp-block-media-text__media\"><img loading=\"lazy\" decoding=\"async\" width=\"1024\" height=\"656\" src=\"http:\/\/citt-bio.madrimasd.org\/wp-content\/uploads\/2024\/07\/cittbio03v-1024x656.jpg\" alt=\"\" class=\"wp-image-1276 size-full\" srcset=\"https:\/\/citt-bio.madrimasd.org\/wp-content\/uploads\/2024\/07\/cittbio03v-1024x656.jpg 1024w, https:\/\/citt-bio.madrimasd.org\/wp-content\/uploads\/2024\/07\/cittbio03v-300x192.jpg 300w, https:\/\/citt-bio.madrimasd.org\/wp-content\/uploads\/2024\/07\/cittbio03v-768x492.jpg 768w, https:\/\/citt-bio.madrimasd.org\/wp-content\/uploads\/2024\/07\/cittbio03v-1536x985.jpg 1536w, https:\/\/citt-bio.madrimasd.org\/wp-content\/uploads\/2024\/07\/cittbio03v-2048x1313.jpg 2048w\" sizes=\"auto, (max-width: 1024px) 100vw, 1024px\" \/><\/figure><div class=\"wp-block-media-text__content\">\n<p>El evento tambi\u00e9n incluy\u00f3 una mesa redonda titulada \u201c<strong><em>La colaboraci\u00f3n p\u00fablico-privada y las aportaciones de la ciencia a la sociedad en el marco de los cl\u00fasteres de innovaci\u00f3n y talento en \u00e1reas estrat\u00e9gicas como semiconductores, biomedicina, espacio y humanidades<\/em><\/strong>\u201d. Moderada por Natalia Abu\u00edn, la mesa cont\u00f3 con la participaci\u00f3n de destacados expertos:<\/p>\n\n\n\n<ul class=\"wp-block-list\">\n<li><strong>D\u00f1a. Sara Garc\u00eda-Alonso<\/strong>, bi\u00f3loga molecular y astronauta de reserva (CITT en Tecnolog\u00edas del Espacio)<\/li>\n\n\n\n<li><strong>D. \u00c1lvaro Pascual-Leone<\/strong>, catedr\u00e1tico en Neurolog\u00eda (CITT en Tecnolog\u00edas Biom\u00e9dicas y Biotecnolog\u00eda)<\/li>\n\n\n\n<li><strong>D. Rafael Mu\u00f1oz<\/strong>, presidente de la Sociedad Espa\u00f1ola para el Procesamiento del Lenguaje Natural (CITT de Humanidades Digitales y Tecnolog\u00edas del Espa\u00f1ol)<\/li>\n\n\n\n<li><strong>D. Melchor Sanz<\/strong>, miembro de la Junta Directiva en Asociaci\u00f3n Aslan de HP (CITT en Semiconductores)<\/li>\n<\/ul>\n<\/div><\/div>\n\n\n\n<p>Esta jornada subray\u00f3 la importancia de la colaboraci\u00f3n entre el sector p\u00fablico y privado para impulsar la innovaci\u00f3n y el talento en la Comunidad de Madrid, poniendo en valor las contribuciones de la ciencia a la sociedad en diversas \u00e1reas estrat\u00e9gicas.<\/p>\n\n\n\n<div style=\"height:30px\" aria-hidden=\"true\" class=\"wp-block-spacer\"><\/div>\n\n\n\n<div class=\"wp-block-columns is-layout-flex wp-container-core-columns-is-layout-28f84493 wp-block-columns-is-layout-flex\">\n<div class=\"wp-block-column is-layout-flow wp-block-column-is-layout-flow\">\n<figure class=\"wp-block-image size-large is-resized\"><img loading=\"lazy\" decoding=\"async\" width=\"1024\" height=\"734\" src=\"http:\/\/citt-bio.madrimasd.org\/wp-content\/uploads\/2024\/07\/cittbio02-1024x734.jpg\" alt=\"\" class=\"wp-image-1277\" style=\"width:610px;height:auto\" srcset=\"https:\/\/citt-bio.madrimasd.org\/wp-content\/uploads\/2024\/07\/cittbio02-1024x734.jpg 1024w, https:\/\/citt-bio.madrimasd.org\/wp-content\/uploads\/2024\/07\/cittbio02-300x215.jpg 300w, https:\/\/citt-bio.madrimasd.org\/wp-content\/uploads\/2024\/07\/cittbio02-768x551.jpg 768w, https:\/\/citt-bio.madrimasd.org\/wp-content\/uploads\/2024\/07\/cittbio02-1536x1102.jpg 1536w, https:\/\/citt-bio.madrimasd.org\/wp-content\/uploads\/2024\/07\/cittbio02-2048x1469.jpg 2048w\" sizes=\"auto, (max-width: 1024px) 100vw, 1024px\" \/><\/figure>\n<\/div>\n\n\n\n<div class=\"wp-block-column is-layout-flow wp-block-column-is-layout-flow\">\n<figure class=\"wp-block-image size-large is-resized\"><img loading=\"lazy\" decoding=\"async\" width=\"1024\" height=\"762\" src=\"http:\/\/citt-bio.madrimasd.org\/wp-content\/uploads\/2024\/07\/cittbio04-1024x762.jpg\" alt=\"\" class=\"wp-image-1278\" style=\"width:585px;height:auto\" srcset=\"https:\/\/citt-bio.madrimasd.org\/wp-content\/uploads\/2024\/07\/cittbio04-1024x762.jpg 1024w, https:\/\/citt-bio.madrimasd.org\/wp-content\/uploads\/2024\/07\/cittbio04-300x223.jpg 300w, https:\/\/citt-bio.madrimasd.org\/wp-content\/uploads\/2024\/07\/cittbio04-768x572.jpg 768w, https:\/\/citt-bio.madrimasd.org\/wp-content\/uploads\/2024\/07\/cittbio04-1536x1144.jpg 1536w, https:\/\/citt-bio.madrimasd.org\/wp-content\/uploads\/2024\/07\/cittbio04-2048x1525.jpg 2048w\" sizes=\"auto, (max-width: 1024px) 100vw, 1024px\" \/><\/figure>\n<\/div>\n<\/div>\n\n\n\n<div class=\"wp-block-columns is-layout-flex wp-container-core-columns-is-layout-28f84493 wp-block-columns-is-layout-flex\">\n<div class=\"wp-block-column is-layout-flow wp-block-column-is-layout-flow\"><\/div>\n\n\n\n<div class=\"wp-block-column is-layout-flow wp-block-column-is-layout-flow\"><\/div>\n\n\n\n<div class=\"wp-block-column is-layout-flow wp-block-column-is-layout-flow\"><\/div>\n<\/div>\n","protected":false},"excerpt":{"rendered":"<p>Esta jornada subray\u00f3 la importancia de la colaboraci\u00f3n entre el sector p\u00fablico y privado para impulsar la innovaci\u00f3n y el talento en la Comunidad de Madrid, poniendo en valor las contribuciones de la ciencia a la sociedad en diversas \u00e1reas estrat\u00e9gicas.<\/p>\n","protected":false},"author":3,"featured_media":0,"parent":162,"menu_order":1,"comment_status":"closed","ping_status":"closed","template":"","meta":{"_acf_changed":false,"_mc_calendar":[],"footnotes":""},"class_list":["post-1315","page","type-page","status-publish","hentry"],"blocksy_meta":[],"acf":[],"_links":{"self":[{"href":"https:\/\/citt-bio.madrimasd.org\/index.php\/wp-json\/wp\/v2\/pages\/1315","targetHints":{"allow":["GET"]}}],"collection":[{"href":"https:\/\/citt-bio.madrimasd.org\/index.php\/wp-json\/wp\/v2\/pages"}],"about":[{"href":"https:\/\/citt-bio.madrimasd.org\/index.php\/wp-json\/wp\/v2\/types\/page"}],"author":[{"embeddable":true,"href":"https:\/\/citt-bio.madrimasd.org\/index.php\/wp-json\/wp\/v2\/users\/3"}],"replies":[{"embeddable":true,"href":"https:\/\/citt-bio.madrimasd.org\/index.php\/wp-json\/wp\/v2\/comments?post=1315"}],"version-history":[{"count":2,"href":"https:\/\/citt-bio.madrimasd.org\/index.php\/wp-json\/wp\/v2\/pages\/1315\/revisions"}],"predecessor-version":[{"id":1317,"href":"https:\/\/citt-bio.madrimasd.org\/index.php\/wp-json\/wp\/v2\/pages\/1315\/revisions\/1317"}],"up":[{"embeddable":true,"href":"https:\/\/citt-bio.madrimasd.org\/index.php\/wp-json\/wp\/v2\/pages\/162"}],"wp:attachment":[{"href":"https:\/\/citt-bio.madrimasd.org\/index.php\/wp-json\/wp\/v2\/media?parent=1315"}],"curies":[{"name":"wp","href":"https:\/\/api.w.org\/{rel}","templated":true}]}}