{"id":1368,"date":"2024-11-21T12:45:02","date_gmt":"2024-11-21T10:45:02","guid":{"rendered":"https:\/\/citt-bio.madrimasd.org\/?page_id=1368"},"modified":"2024-11-21T12:45:51","modified_gmt":"2024-11-21T10:45:51","slug":"si-la-innovacion-no-accede-al-mercado-es-como-si-no-hubiese-creado-apunta-el-director-del-citt-bio-en-el-congreso-farmaforum","status":"publish","type":"page","link":"https:\/\/citt-bio.madrimasd.org\/index.php\/noticias\/si-la-innovacion-no-accede-al-mercado-es-como-si-no-hubiese-creado-apunta-el-director-del-citt-bio-en-el-congreso-farmaforum\/","title":{"rendered":"\u201cSi la innovaci\u00f3n no accede al mercado, es como si no hubiese creado\u201d apunta el director del CITT-BIO en el congreso Farmaforum"},"content":{"rendered":"\n<div style=\"height:30px\" aria-hidden=\"true\" class=\"wp-block-spacer\"><\/div>\n\n\n\n<p>Madrid, 25 de septiembre de 2024 \u2013 El congreso Farmaforum, celebrado el 25 y 26 de septiembre en Madrid, es uno de los eventos m\u00e1s destacados de la industria farmac\u00e9utica en Espa\u00f1a, re\u00fane en su congreso a la industria biotecnol\u00f3gica (Biotechforum), la cosm\u00e9tica (Cosmeticaforum), y otras \u00e1reas especializadas como Health &amp; Research Forum, Nutraforum y Cannabisforum. Todo esto bajo el paraguas de la biotecnolog\u00eda, con el objetivo de generar espacios de colaboraci\u00f3n y crear sinergias.<\/p>\n\n\n\n<div class=\"wp-block-media-text is-stacked-on-mobile\" style=\"grid-template-columns:49% auto\"><figure class=\"wp-block-media-text__media\"><img loading=\"lazy\" decoding=\"async\" width=\"1024\" height=\"680\" src=\"https:\/\/citt-bio.madrimasd.org\/wp-content\/uploads\/2024\/11\/DSC0549-2-1024x680.jpg\" alt=\"\" class=\"wp-image-1370 size-full\" srcset=\"https:\/\/citt-bio.madrimasd.org\/wp-content\/uploads\/2024\/11\/DSC0549-2-1024x680.jpg 1024w, https:\/\/citt-bio.madrimasd.org\/wp-content\/uploads\/2024\/11\/DSC0549-2-300x199.jpg 300w, https:\/\/citt-bio.madrimasd.org\/wp-content\/uploads\/2024\/11\/DSC0549-2-768x510.jpg 768w, https:\/\/citt-bio.madrimasd.org\/wp-content\/uploads\/2024\/11\/DSC0549-2-1536x1020.jpg 1536w, https:\/\/citt-bio.madrimasd.org\/wp-content\/uploads\/2024\/11\/DSC0549-2-2048x1360.jpg 2048w\" sizes=\"auto, (max-width: 1024px) 100vw, 1024px\" \/><\/figure><div class=\"wp-block-media-text__content\">\n<p>El CITT-BIO particip\u00f3 en el Biotechforum 2024 con la intervenci\u00f3n de Javier Col\u00e1s, director del CITT-BIO, en la mesa redonda titulada \u00abAspectos clave para desarrollar estrategias de transferencia tecnol\u00f3gica en proyectos biotecnol\u00f3gicos\u00bb. Durante la sesi\u00f3n, se subray\u00f3 la importancia de dise\u00f1ar estrategias s\u00f3lidas de transferencia tecnol\u00f3gica para asegurar el \u00e9xito de los proyectos biotecnol\u00f3gicos, siendo este un factor esencial para impulsar la innovaci\u00f3n. Javier Col\u00e1s destac\u00f3 que el acceso al mercado es fundamental, afirmando: \u00absi no llega al mercado, es como si no hubiese innovaci\u00f3n\u00bb. Para que las soluciones innovadoras alcancen el mercado de manera equitativa, es necesario contar con v\u00edas de financiaci\u00f3n adecuadas, especialmente en un contexto de presupuestos ajustados del Sistema Nacional de Salud. Desde el CITT-BIO, el acceso al mercado se ha identificado como uno de los principales desaf\u00edos.<\/p>\n\n\n\n<p>Javier Col\u00e1s apunt\u00f3 que, aunque Europa cuenta con una buena legislaci\u00f3n y procesos regulatorios bien articulados para tecnolog\u00edas biom\u00e9dicas y biotecnol\u00f3gicas, el acceso al mercado sigue siendo insuficiente. <\/p>\n<\/div><\/div>\n\n\n\n<div style=\"height:46px\" aria-hidden=\"true\" class=\"wp-block-spacer\"><\/div>\n\n\n\n<div class=\"wp-block-media-text has-media-on-the-right is-stacked-on-mobile is-vertically-aligned-top\" style=\"grid-template-columns:auto 56%\"><div class=\"wp-block-media-text__content\">\n<p>Borja Smith, de BioInnova Consulting, a\u00f1adi\u00f3 que, ante el auge de las investigaciones y las nuevas terapias, es necesario modernizar los procesos regulatorios a nivel estatal y regional. Aumentar la competitividad, fomentar la innovaci\u00f3n y promover una mayor colaboraci\u00f3n son clave para integrar soluciones basadas en el valor y mejorar la eficiencia de los sistemas sanitarios. Tambi\u00e9n se discuti\u00f3 que, para que una soluci\u00f3n innovadora llegue al mercado y, por ende, a los pacientes, es crucial cuidar cada etapa del proceso de transferencia tecnol\u00f3gica, desde la elaboraci\u00f3n de planes de negocio s\u00f3lidos en las empresas innovadoras, hasta la gesti\u00f3n de riesgos y el cumplimiento de requisitos regulatorios. <\/p>\n\n\n\n<p><\/p>\n\n\n\n<p class=\"has-text-align-right has-palette-color-3-color has-text-color has-link-color has-small-font-size wp-elements-f724f8bdaac419957e99df3787c6929d\"><em>De izquierda a derecha: <strong>Aitor G\u00e1lvez<\/strong> (moderador); <strong>Tiago Oliveira<\/strong> (IRB Barcelona); Javier Col\u00e1s (Director del CITT-BIO); <strong>Mar\u00eda Mengual<\/strong> (IBIMA) y <strong>Borja Smith<\/strong> (BioInnova Consulting)<\/em> >><\/p>\n\n\n\n<p><\/p>\n<\/div><figure class=\"wp-block-media-text__media\"><img loading=\"lazy\" decoding=\"async\" width=\"1024\" height=\"578\" src=\"https:\/\/citt-bio.madrimasd.org\/wp-content\/uploads\/2024\/11\/PXL_20240925_115837981-1024x578.jpg\" alt=\"\" class=\"wp-image-1371 size-full\" srcset=\"https:\/\/citt-bio.madrimasd.org\/wp-content\/uploads\/2024\/11\/PXL_20240925_115837981-1024x578.jpg 1024w, https:\/\/citt-bio.madrimasd.org\/wp-content\/uploads\/2024\/11\/PXL_20240925_115837981-300x169.jpg 300w, https:\/\/citt-bio.madrimasd.org\/wp-content\/uploads\/2024\/11\/PXL_20240925_115837981-768x433.jpg 768w, https:\/\/citt-bio.madrimasd.org\/wp-content\/uploads\/2024\/11\/PXL_20240925_115837981-1536x866.jpg 1536w, https:\/\/citt-bio.madrimasd.org\/wp-content\/uploads\/2024\/11\/PXL_20240925_115837981-2048x1155.jpg 2048w\" sizes=\"auto, (max-width: 1024px) 100vw, 1024px\" \/><\/figure><\/div>\n\n\n\n<p>Adem\u00e1s, se destac\u00f3 la importancia de estudiar las f\u00f3rmulas de transferencia disponibles, como los procesos de licenciamiento, y que en las \u00faltimas fases del desarrollo sean agentes especializados quienes lleven los productos al mercado. Desde el cl\u00faster se promueve la colaboraci\u00f3n entre los diferentes actores, como institutos y fundaciones de investigaci\u00f3n sanitaria, universidades y empresas. Aunque cada entidad tiene sus propias necesidades y objetivos, como la b\u00fasqueda de financiaci\u00f3n, talento o la creaci\u00f3n de valor econ\u00f3mico, hay espacio para la cooperaci\u00f3n. En este sentido, se impulsa la creaci\u00f3n de redes, como la red de neurotecnolog\u00eda, vinculada a la iniciativa Spain Neurotech.<\/p>\n\n\n\n<div style=\"height:51px\" aria-hidden=\"true\" class=\"wp-block-spacer\"><\/div>\n\n\n\n<figure class=\"wp-block-image aligncenter size-large is-resized\"><img loading=\"lazy\" decoding=\"async\" width=\"1024\" height=\"513\" src=\"https:\/\/citt-bio.madrimasd.org\/wp-content\/uploads\/2024\/11\/DSC0535_jpeg-1024x513.jpg\" alt=\"\" class=\"wp-image-1372\" style=\"width:1041px;height:auto\" srcset=\"https:\/\/citt-bio.madrimasd.org\/wp-content\/uploads\/2024\/11\/DSC0535_jpeg-1024x513.jpg 1024w, https:\/\/citt-bio.madrimasd.org\/wp-content\/uploads\/2024\/11\/DSC0535_jpeg-300x150.jpg 300w, https:\/\/citt-bio.madrimasd.org\/wp-content\/uploads\/2024\/11\/DSC0535_jpeg-768x385.jpg 768w, https:\/\/citt-bio.madrimasd.org\/wp-content\/uploads\/2024\/11\/DSC0535_jpeg-1536x769.jpg 1536w, https:\/\/citt-bio.madrimasd.org\/wp-content\/uploads\/2024\/11\/DSC0535_jpeg-2048x1026.jpg 2048w\" sizes=\"auto, (max-width: 1024px) 100vw, 1024px\" \/><\/figure>\n\n\n\n<div style=\"height:87px\" aria-hidden=\"true\" class=\"wp-block-spacer\"><\/div>\n\n\n\n<p><\/p>\n","protected":false},"excerpt":{"rendered":"<p>Madrid, 25 de septiembre de 2024 \u2013 El congreso Farmaforum, celebrado el 25 y 26 de septiembre en Madrid, es uno de los eventos m\u00e1s destacados de la industria farmac\u00e9utica en Espa\u00f1a, re\u00fane en su congreso a la industria biotecnol\u00f3gica (Biotechforum), la cosm\u00e9tica (Cosmeticaforum), y otras \u00e1reas especializadas como Health &amp; Research Forum, Nutraforum y [&hellip;]<\/p>\n","protected":false},"author":3,"featured_media":0,"parent":162,"menu_order":1,"comment_status":"closed","ping_status":"closed","template":"","meta":{"_acf_changed":false,"_mc_calendar":[],"footnotes":""},"class_list":["post-1368","page","type-page","status-publish","hentry"],"blocksy_meta":[],"acf":[],"_links":{"self":[{"href":"https:\/\/citt-bio.madrimasd.org\/index.php\/wp-json\/wp\/v2\/pages\/1368","targetHints":{"allow":["GET"]}}],"collection":[{"href":"https:\/\/citt-bio.madrimasd.org\/index.php\/wp-json\/wp\/v2\/pages"}],"about":[{"href":"https:\/\/citt-bio.madrimasd.org\/index.php\/wp-json\/wp\/v2\/types\/page"}],"author":[{"embeddable":true,"href":"https:\/\/citt-bio.madrimasd.org\/index.php\/wp-json\/wp\/v2\/users\/3"}],"replies":[{"embeddable":true,"href":"https:\/\/citt-bio.madrimasd.org\/index.php\/wp-json\/wp\/v2\/comments?post=1368"}],"version-history":[{"count":5,"href":"https:\/\/citt-bio.madrimasd.org\/index.php\/wp-json\/wp\/v2\/pages\/1368\/revisions"}],"predecessor-version":[{"id":1377,"href":"https:\/\/citt-bio.madrimasd.org\/index.php\/wp-json\/wp\/v2\/pages\/1368\/revisions\/1377"}],"up":[{"embeddable":true,"href":"https:\/\/citt-bio.madrimasd.org\/index.php\/wp-json\/wp\/v2\/pages\/162"}],"wp:attachment":[{"href":"https:\/\/citt-bio.madrimasd.org\/index.php\/wp-json\/wp\/v2\/media?parent=1368"}],"curies":[{"name":"wp","href":"https:\/\/api.w.org\/{rel}","templated":true}]}}