{"id":1379,"date":"2024-11-21T18:01:05","date_gmt":"2024-11-21T16:01:05","guid":{"rendered":"https:\/\/citt-bio.madrimasd.org\/?page_id=1379"},"modified":"2024-11-21T18:01:05","modified_gmt":"2024-11-21T16:01:05","slug":"expertos-debaten-sobre-la-generacion-de-ecosistemas-el-emprendimiento-y-el-acceso-al-mercado-de-las-tecnologias-biomedicas","status":"publish","type":"page","link":"https:\/\/citt-bio.madrimasd.org\/index.php\/noticias\/expertos-debaten-sobre-la-generacion-de-ecosistemas-el-emprendimiento-y-el-acceso-al-mercado-de-las-tecnologias-biomedicas\/","title":{"rendered":"Expertos debaten sobre la generaci\u00f3n de ecosistemas, el emprendimiento y el acceso al mercado de las tecnolog\u00edas biom\u00e9dicas"},"content":{"rendered":"\n<div style=\"height:30px\" aria-hidden=\"true\" class=\"wp-block-spacer\"><\/div>\n\n\n\n<p>Madrid, 26 de septiembre de 2024 \u2013 El congreso <em>Human-Centered Health Technologies<\/em>, organizado por Tekniker e HipaRob en el Hospital Universitario de Getafe se centr\u00f3 en el impacto revolucionario de las tecnolog\u00edas rob\u00f3ticas y los dispositivos m\u00e9dicos inteligentes en la atenci\u00f3n m\u00e9dica personalizada y la medicina de precisi\u00f3n centrada en el paciente. Expertos l\u00edderes en estos campos presentaron los \u00faltimos avances y destacaron c\u00f3mo estas innovaciones est\u00e1n mejorando la prevenci\u00f3n, diagn\u00f3stico, tratamiento y rehabilitaci\u00f3n en el Sistema Nacional de Salud.<\/p>\n\n\n\n<div class=\"wp-block-media-text is-stacked-on-mobile\" style=\"grid-template-columns:49% auto\"><figure class=\"wp-block-media-text__media\"><img loading=\"lazy\" decoding=\"async\" width=\"1024\" height=\"680\" src=\"https:\/\/citt-bio.madrimasd.org\/wp-content\/uploads\/2024\/11\/DSC0561-1-1024x680.jpg\" alt=\"\" class=\"wp-image-1391 size-full\" srcset=\"https:\/\/citt-bio.madrimasd.org\/wp-content\/uploads\/2024\/11\/DSC0561-1-1024x680.jpg 1024w, https:\/\/citt-bio.madrimasd.org\/wp-content\/uploads\/2024\/11\/DSC0561-1-300x199.jpg 300w, https:\/\/citt-bio.madrimasd.org\/wp-content\/uploads\/2024\/11\/DSC0561-1-768x510.jpg 768w, https:\/\/citt-bio.madrimasd.org\/wp-content\/uploads\/2024\/11\/DSC0561-1-1536x1020.jpg 1536w, https:\/\/citt-bio.madrimasd.org\/wp-content\/uploads\/2024\/11\/DSC0561-1-2048x1360.jpg 2048w\" sizes=\"auto, (max-width: 1024px) 100vw, 1024px\" \/><\/figure><div class=\"wp-block-media-text__content\">\n<p>El CITT-BIO particip\u00f3 en el evento con la intervenci\u00f3n de <strong>D. Javier Col\u00e1s<\/strong>, director del CITT-BIO, quien moder\u00f3 la mesa redonda \u00abGeneraci\u00f3n de ecosistemas y emprendimiento\u00bb. En esta sesi\u00f3n, destacados representantes de la industria farmac\u00e9utica compartieron sus capacidades en el desarrollo de dispositivos m\u00e9dicos inteligentes y abordaron los desaf\u00edos relacionados con la financiaci\u00f3n, la infraestructura y la regulaci\u00f3n.<\/p>\n\n\n\n<p>Entre los ponentes se encontraban figuras clave como <strong>D\u00f1a. Raquel Yotti<\/strong>, Comisionada del PERTE de Salud de Vanguardia (Ministerio de Ciencia e Innovaci\u00f3n), quien subray\u00f3 la importancia del PRTR (Plan Estrat\u00e9gico de Transformaci\u00f3n y Resiliencia) y la Alianza del PERTE para la Salud de Vanguardia, que financia con 2.300 millones de euros diversas convocatorias para agentes de la ciencia y la salud. Adem\u00e1s de la financiaci\u00f3n, el PERTE busca fomentar una cultura de innovaci\u00f3n, nuevas formas de colaboraci\u00f3n y transferencia tecnol\u00f3gica en los pr\u00f3ximos a\u00f1os.<\/p>\n\n\n\n<p class=\"has-small-font-size\"><em>De izquierda a derecha: D. Juan Manuel Hern\u00e1ndez; D\u00f1a. Eva Sotillo y D. Javier Col\u00e1s<\/em>.<\/p>\n<\/div><\/div>\n\n\n\n<div style=\"height:46px\" aria-hidden=\"true\" class=\"wp-block-spacer\"><\/div>\n\n\n\n<div class=\"wp-block-media-text has-media-on-the-right is-stacked-on-mobile is-vertically-aligned-top\"><div class=\"wp-block-media-text__content\">\n<p><strong>D. Juan Luis Romera Santiago<\/strong> resalt\u00f3 el papel del CDTI en el apoyo a las empresas, impulsando proyectos que generan conocimiento, desarrollan soluciones innovadoras y las trasladan a la sociedad. D. Alberto Moratiel Yugueros, de la Empresa Nacional de Innovaci\u00f3n (ENISA), aport\u00f3 su visi\u00f3n sobre la importancia de seleccionar adecuadamente los proyectos biotecnol\u00f3gicos candidatos a recibir apoyo para su proyecci\u00f3n al mercado.<\/p>\n\n\n\n<p><strong>D. Juan Manuel Hern\u00e1ndez<\/strong>, de Getafe Iniciativas S.A. (GISA), destac\u00f3 el papel de los municipios en la creaci\u00f3n de empresas y el desarrollo econ\u00f3mico, subrayando la necesidad de un entorno f\u00edsico adecuado que facilite la colaboraci\u00f3n entre los actores necesarios para desarrollar nuevas ideas. D\u00f1a. Eva Sotillo, de Fenin, enfatiz\u00f3 la importancia de la colaboraci\u00f3n p\u00fablico-privada para identificar y superar los desaf\u00edos de las empresas, como la burocracia, los problemas regulatorios y la falta de financiaci\u00f3n, factores que a menudo conducen al cierre de muchas iniciativas. Fenin tiene como objetivo fomentar el emprendimiento a trav\u00e9s de jornadas y colaboraciones, creando espacios de di\u00e1logo que impulsen la innovaci\u00f3n y hagan al sector sanitario m\u00e1s competitivo y sostenible.<\/p>\n\n\n\n<p class=\"has-text-align-right has-palette-color-3-color has-text-color has-link-color has-small-font-size wp-elements-55b58f8c2275efb678cceeb2310515bd\"><em>De izquierda a derecha: D\u00f1a. Raquel Yotti; D. Juan Luis Romera; D. Alberto Moratiel; D. Juan Manuel Hern\u00e1ndez; D\u00f1a. Eva Sotillo y D. Javier Col\u00e1s.<\/em><\/p>\n\n\n\n<p><\/p>\n<\/div><figure class=\"wp-block-media-text__media\"><img loading=\"lazy\" decoding=\"async\" width=\"1024\" height=\"680\" src=\"https:\/\/citt-bio.madrimasd.org\/wp-content\/uploads\/2024\/11\/DSC0554-1024x680.jpg\" alt=\"\" class=\"wp-image-1386 size-full\" srcset=\"https:\/\/citt-bio.madrimasd.org\/wp-content\/uploads\/2024\/11\/DSC0554-1024x680.jpg 1024w, https:\/\/citt-bio.madrimasd.org\/wp-content\/uploads\/2024\/11\/DSC0554-300x199.jpg 300w, https:\/\/citt-bio.madrimasd.org\/wp-content\/uploads\/2024\/11\/DSC0554-768x510.jpg 768w, https:\/\/citt-bio.madrimasd.org\/wp-content\/uploads\/2024\/11\/DSC0554-1536x1020.jpg 1536w, https:\/\/citt-bio.madrimasd.org\/wp-content\/uploads\/2024\/11\/DSC0554-2048x1360.jpg 2048w\" sizes=\"auto, (max-width: 1024px) 100vw, 1024px\" \/><\/figure><\/div>\n\n\n\n<p><\/p>\n\n\n\n<div class=\"wp-block-columns is-layout-flex wp-container-core-columns-is-layout-28f84493 wp-block-columns-is-layout-flex\">\n<div class=\"wp-block-column is-layout-flow wp-block-column-is-layout-flow\" style=\"flex-basis:100%\">\n<figure class=\"wp-block-image aligncenter size-large is-resized\"><img loading=\"lazy\" decoding=\"async\" width=\"1024\" height=\"680\" src=\"https:\/\/citt-bio.madrimasd.org\/wp-content\/uploads\/2024\/11\/DSC0573-1-1024x680.jpg\" alt=\"\" class=\"wp-image-1389\" style=\"width:822px;height:auto\" srcset=\"https:\/\/citt-bio.madrimasd.org\/wp-content\/uploads\/2024\/11\/DSC0573-1-1024x680.jpg 1024w, https:\/\/citt-bio.madrimasd.org\/wp-content\/uploads\/2024\/11\/DSC0573-1-300x199.jpg 300w, https:\/\/citt-bio.madrimasd.org\/wp-content\/uploads\/2024\/11\/DSC0573-1-768x510.jpg 768w, https:\/\/citt-bio.madrimasd.org\/wp-content\/uploads\/2024\/11\/DSC0573-1-1536x1020.jpg 1536w, https:\/\/citt-bio.madrimasd.org\/wp-content\/uploads\/2024\/11\/DSC0573-1-2048x1360.jpg 2048w\" sizes=\"auto, (max-width: 1024px) 100vw, 1024px\" \/><\/figure>\n<\/div>\n<\/div>\n\n\n\n<p class=\"has-text-align-center has-small-font-size\"><em>D\u00f1a. Raquel Yotti posa junto a D. Javier Col\u00e1s al finalizar la mesa redonda.<\/em><\/p>\n\n\n\n<div style=\"height:46px\" aria-hidden=\"true\" class=\"wp-block-spacer\"><\/div>\n\n\n\n<hr class=\"wp-block-separator has-alpha-channel-opacity\"\/>\n\n\n\n<p><\/p>\n","protected":false},"excerpt":{"rendered":"<p>Madrid, 26 de septiembre de 2024 \u2013 El congreso Human-Centered Health Technologies, organizado por Tekniker e HipaRob en el Hospital Universitario de Getafe se centr\u00f3 en el impacto revolucionario de las tecnolog\u00edas rob\u00f3ticas y los dispositivos m\u00e9dicos inteligentes en la atenci\u00f3n m\u00e9dica personalizada y la medicina de precisi\u00f3n centrada en el paciente. Expertos l\u00edderes en [&hellip;]<\/p>\n","protected":false},"author":3,"featured_media":0,"parent":162,"menu_order":1,"comment_status":"closed","ping_status":"closed","template":"","meta":{"_acf_changed":false,"_mc_calendar":[],"footnotes":""},"class_list":["post-1379","page","type-page","status-publish","hentry"],"blocksy_meta":[],"acf":[],"_links":{"self":[{"href":"https:\/\/citt-bio.madrimasd.org\/index.php\/wp-json\/wp\/v2\/pages\/1379","targetHints":{"allow":["GET"]}}],"collection":[{"href":"https:\/\/citt-bio.madrimasd.org\/index.php\/wp-json\/wp\/v2\/pages"}],"about":[{"href":"https:\/\/citt-bio.madrimasd.org\/index.php\/wp-json\/wp\/v2\/types\/page"}],"author":[{"embeddable":true,"href":"https:\/\/citt-bio.madrimasd.org\/index.php\/wp-json\/wp\/v2\/users\/3"}],"replies":[{"embeddable":true,"href":"https:\/\/citt-bio.madrimasd.org\/index.php\/wp-json\/wp\/v2\/comments?post=1379"}],"version-history":[{"count":4,"href":"https:\/\/citt-bio.madrimasd.org\/index.php\/wp-json\/wp\/v2\/pages\/1379\/revisions"}],"predecessor-version":[{"id":1393,"href":"https:\/\/citt-bio.madrimasd.org\/index.php\/wp-json\/wp\/v2\/pages\/1379\/revisions\/1393"}],"up":[{"embeddable":true,"href":"https:\/\/citt-bio.madrimasd.org\/index.php\/wp-json\/wp\/v2\/pages\/162"}],"wp:attachment":[{"href":"https:\/\/citt-bio.madrimasd.org\/index.php\/wp-json\/wp\/v2\/media?parent=1379"}],"curies":[{"name":"wp","href":"https:\/\/api.w.org\/{rel}","templated":true}]}}