{"id":17,"date":"2023-06-15T10:58:11","date_gmt":"2023-06-15T10:58:11","guid":{"rendered":"http:\/\/citt-humanidadesdigitales.madrimasd.org\/?page_id=17"},"modified":"2025-04-09T21:04:30","modified_gmt":"2025-04-09T19:04:30","slug":"quienes-somos","status":"publish","type":"page","link":"https:\/\/citt-bio.madrimasd.org\/index.php\/home\/quienes-somos\/","title":{"rendered":"\u00bfQui\u00e9nes somos?"},"content":{"rendered":"\n<h3 class=\"wp-block-heading\">Presentaci\u00f3n del director y codirector<\/h3>\n\n\n\n<p>Nos complace comunicarle que, desde finales de 2022, se puso en marcha el <strong>Cl\u00faster de Innovaci\u00f3n Tecnol\u00f3gica y Talento en Tecnolog\u00edas Biom\u00e9dicas y Biotecnolog\u00eda (CITT-BIO)<\/strong> de la Comunidad de Madrid, impulsado por la <strong>Direcci\u00f3n General de Investigaci\u00f3n e Innovaci\u00f3n Tecnol\u00f3gica<\/strong> y gestionado por la <strong>Fundaci\u00f3n para el conocimiento Madri+d<\/strong>.<\/p>\n\n\n\n<p>Este cl\u00faster tiene la voluntad de aprovechar las oportunidades que las tecnolog\u00edas biom\u00e9dicas y la biotecnolog\u00eda ofrecen al ecosistema madrile\u00f1o de I+D+i y al tejido empresarial implicado. Para ello, se persigue <strong>crear un ecosistema de cooperaci\u00f3n<\/strong>, impulsar la <strong>innovaci\u00f3n<\/strong>, mejorar la <strong>eficiencia<\/strong>, facilitando la atracci\u00f3n y la <strong>captaci\u00f3n de recursos econ\u00f3micos<\/strong>, as\u00ed como <strong>generar producto interior bruto<\/strong> en la regi\u00f3n mediante la consecuci\u00f3n de proyectos relacionados con este \u00e1mbito. Para lograr desarrollar con \u00e9xito esta iniciativa y para la consecuci\u00f3n de los objetivos planteados, el cl\u00faster cuenta con la participaci\u00f3n de las <strong>principales entidades p\u00fablicas<\/strong> y<strong> privadas<\/strong> de la Comunidad de Madrid que desarrollan su actividad en el marco de las tecnolog\u00edas de la salud.<\/p>\n\n\n\n<p>La direcci\u00f3n y el comit\u00e9 ejecutivo que lo forman estamos seguros de que ser\u00e1 <strong>una oportunidad para la promoci\u00f3n de relaciones y sinergias<\/strong> entre los agentes que forman parte de este ecosistema y para su impulso regional.<\/p>\n\n\n\n<div class=\"wp-block-columns is-layout-flex wp-container-core-columns-is-layout-1e297cbc wp-block-columns-is-layout-flex\" style=\"padding-top:var(--wp--preset--spacing--70);padding-bottom:var(--wp--preset--spacing--70)\">\n<div class=\"wp-block-column is-layout-flow wp-block-column-is-layout-flow\">\n<figure class=\"wp-block-image aligncenter size-large is-resized\"><img loading=\"lazy\" decoding=\"async\" width=\"1024\" height=\"1024\" src=\"https:\/\/citt-bio.madrimasd.org\/wp-content\/uploads\/2023\/07\/JCF_BN-1024x1024.jpg\" alt=\"\" class=\"wp-image-231\" style=\"width:400px;height:400px\" srcset=\"https:\/\/citt-bio.madrimasd.org\/wp-content\/uploads\/2023\/07\/JCF_BN-1024x1024.jpg 1024w, https:\/\/citt-bio.madrimasd.org\/wp-content\/uploads\/2023\/07\/JCF_BN-300x300.jpg 300w, https:\/\/citt-bio.madrimasd.org\/wp-content\/uploads\/2023\/07\/JCF_BN-150x150.jpg 150w, https:\/\/citt-bio.madrimasd.org\/wp-content\/uploads\/2023\/07\/JCF_BN-768x768.jpg 768w, https:\/\/citt-bio.madrimasd.org\/wp-content\/uploads\/2023\/07\/JCF_BN-1536x1536.jpg 1536w, https:\/\/citt-bio.madrimasd.org\/wp-content\/uploads\/2023\/07\/JCF_BN.jpg 1864w\" sizes=\"auto, (max-width: 1024px) 100vw, 1024px\" \/><\/figure>\n\n\n\n<h3 class=\"wp-block-heading has-text-align-center\" style=\"font-size:clamp(14px, 0.875rem + ((1vw - 3.2px) * 0.469), 20px);font-style:normal;font-weight:400\"><strong>Javier Col\u00e1s Fustero. <\/strong>Director<\/h3>\n\n\n\n<figure class=\"wp-block-image aligncenter size-full is-resized\"><a href=\"https:\/\/www.linkedin.com\/in\/javiercolas\/?originalSubdomain=es\" target=\"_blank\" rel=\"noreferrer noopener\"><img loading=\"lazy\" decoding=\"async\" width=\"1024\" height=\"1024\" src=\"https:\/\/citt-bio.madrimasd.org\/wp-content\/uploads\/2023\/07\/linkedin-1.png\" alt=\"\" class=\"wp-image-201\" style=\"width:37px;height:37px\" srcset=\"https:\/\/citt-bio.madrimasd.org\/wp-content\/uploads\/2023\/07\/linkedin-1.png 1024w, https:\/\/citt-bio.madrimasd.org\/wp-content\/uploads\/2023\/07\/linkedin-1-300x300.png 300w, https:\/\/citt-bio.madrimasd.org\/wp-content\/uploads\/2023\/07\/linkedin-1-150x150.png 150w, https:\/\/citt-bio.madrimasd.org\/wp-content\/uploads\/2023\/07\/linkedin-1-768x768.png 768w\" sizes=\"auto, (max-width: 1024px) 100vw, 1024px\" \/><\/a><\/figure>\n\n\n\n<p class=\"has-small-font-size\" style=\"margin-top:var(--wp--preset--spacing--50);margin-right:var(--wp--preset--spacing--70);margin-bottom:var(--wp--preset--spacing--50);margin-left:var(--wp--preset--spacing--70);font-style:normal;font-weight:400\"><em>Ingeniero, Director de Innovaci\u00f3n del Health Care Institute (ESADE Business &amp; Law School) y Fundador de Additum Blockchain. Entre su extensa trayectoria profesional destaca su <\/em>experiencia <em>como Vicepresidente corporativo y presidente de Medtronic para Espa\u00f1a y Portugal, y como ex director general de la divisi\u00f3n m\u00e9dica de Hewlett Packard Espa\u00f1a. Miembro de la Sociedad Europea de Cardiolog\u00eda, y ex presidente de la Fundaci\u00f3n Tecnolog\u00eda y Salud, es adem\u00e1s miembro del Comit\u00e9 de Innovaci\u00f3n de la Plataforma ITEMAS del Instituto Carlos III y Patrono de la Fundaci\u00f3n para la Mejora de la Asistencia Sanitaria y de la Fundaci\u00f3n MVISION, colaborando con el MIT en la identificaci\u00f3n de iniciativas en Tecnolog\u00eda Sanitaria. Es tambi\u00e9n Patrono de la Fundaci\u00f3n de Investigaci\u00f3n HM Hospitales<\/em>.<\/p>\n<\/div>\n\n\n\n<div class=\"wp-block-column is-layout-flow wp-block-column-is-layout-flow\">\n<figure class=\"wp-block-image aligncenter size-large is-resized wp-duotone-000000-ffffff-1\"><img loading=\"lazy\" decoding=\"async\" width=\"1024\" height=\"1024\" src=\"https:\/\/citt-bio.madrimasd.org\/wp-content\/uploads\/2023\/07\/JMGS_square-1024x1024.jpg\" alt=\"\" class=\"wp-image-233\" style=\"width:400px;height:400px\" srcset=\"https:\/\/citt-bio.madrimasd.org\/wp-content\/uploads\/2023\/07\/JMGS_square-1024x1024.jpg 1024w, https:\/\/citt-bio.madrimasd.org\/wp-content\/uploads\/2023\/07\/JMGS_square-300x300.jpg 300w, https:\/\/citt-bio.madrimasd.org\/wp-content\/uploads\/2023\/07\/JMGS_square-150x150.jpg 150w, https:\/\/citt-bio.madrimasd.org\/wp-content\/uploads\/2023\/07\/JMGS_square-768x768.jpg 768w, https:\/\/citt-bio.madrimasd.org\/wp-content\/uploads\/2023\/07\/JMGS_square-1536x1536.jpg 1536w, https:\/\/citt-bio.madrimasd.org\/wp-content\/uploads\/2023\/07\/JMGS_square.jpg 1864w\" sizes=\"auto, (max-width: 1024px) 100vw, 1024px\" \/><\/figure>\n\n\n\n<h3 class=\"wp-block-heading has-text-align-center\" style=\"font-size:clamp(14px, 0.875rem + ((1vw - 3.2px) * 0.313), 18px);font-style:normal;font-weight:400\"><strong>Jos\u00e9 M. Gonz\u00e1lez Sancho<\/strong>. Codirector<\/h3>\n\n\n\n<figure class=\"wp-block-image aligncenter size-full is-resized\"><a href=\"https:\/\/www.bq.uam.es\/miembros\/jmgonzalez\/index.php\" target=\"_blank\" rel=\"noreferrer noopener\"><img loading=\"lazy\" decoding=\"async\" width=\"1134\" height=\"1134\" src=\"http:\/\/citt-bio.madrimasd.org\/wp-content\/uploads\/2023\/07\/Slide3-1.png\" alt=\"\" class=\"wp-image-234\" style=\"width:37px;height:37px\"\/><\/a><\/figure>\n\n\n\n<p class=\"has-small-font-size\" style=\"margin-top:var(--wp--preset--spacing--50);margin-right:var(--wp--preset--spacing--70);margin-bottom:var(--wp--preset--spacing--50);margin-left:var(--wp--preset--spacing--70);font-style:normal;font-weight:400\"><em>Bioqu\u00edmico y bi\u00f3logo molecular, posee una extensa carrera cient\u00edfica de tres d\u00e9cadas de duraci\u00f3n, centrando su trabajo en biolog\u00eda celular y se\u00f1alizaci\u00f3n en oncolog\u00eda. Tras completar su tesis doctoral y su etapa postdoctoral en Espa\u00f1a y en Nueva York, inicia su actividad docente e investigadora en la UAM gracias al programa Ram\u00f3n y Cajal. Desde 2015 participa en el Vicerrectorado de Investigaci\u00f3n de la UAM, siendo vicerrector de investigaci\u00f3n entre el 2017 y el 2021, momento en el que pasa a ser el director del departamento de Bioqu\u00edmica de la Facultad de Medicina de la UAM. Es miembro del Instituto de Investigaciones Biom\u00e9dicas Alberto Sols, centro mixto UAM-CSIC, del CIBER de C\u00e1ncer y jefe de grupo del IdiPAZ. Ha publicado m\u00e1s de 35 art\u00edculos cient\u00edficos en revistas de gran prestigio, dirigido 3 tesis doctorales, y participado en m\u00e1s de quince proyectos de investigaci\u00f3n hasta la fecha.<\/em><\/p>\n<\/div>\n<\/div>\n\n\n\n<div class=\"wp-block-columns is-layout-flex wp-container-core-columns-is-layout-28f84493 wp-block-columns-is-layout-flex\">\n<div class=\"wp-block-column is-layout-flow wp-container-core-column-is-layout-9fe954bf wp-block-column-is-layout-flow\" style=\"border-style:none;border-width:0px;padding-top:var(--wp--preset--spacing--60);padding-bottom:var(--wp--preset--spacing--60)\">\n<h3 class=\"wp-block-heading has-medium-font-size\">Secretar\u00eda T\u00e9cnica<\/h3>\n\n\n\n<figure class=\"wp-block-image size-full is-resized has-custom-border\"><a href=\"https:\/\/www.bio-innova.es\/\" target=\"_blank\" rel=\"noreferrer noopener\"><img loading=\"lazy\" decoding=\"async\" width=\"5132\" height=\"3936\" src=\"http:\/\/citt-bio.madrimasd.org\/wp-content\/uploads\/2023\/07\/Logo-2colores-BioInnova.png\" alt=\"\" class=\"wp-image-203\" style=\"border-style:none;border-width:0px;aspect-ratio:1.2974683544303798;width:159px;height:auto\"\/><\/a><\/figure>\n<\/div>\n<\/div>\n\n\n\n<figure class=\"wp-block-image aligncenter size-full is-resized\"><a class=\"\" href=\"https:\/\/www.madrimasd.org\/\" target=\"_blank\" rel=\"noopener\"><img loading=\"lazy\" decoding=\"async\" width=\"770\" height=\"339\" src=\"http:\/\/citt-bio.madrimasd.org\/wp-content\/uploads\/2023\/07\/1447246618_363087_1447246695_noticia_normal.jpg\" alt=\"\" class=\"wp-image-190\" style=\"width:291px;height:128px\" srcset=\"https:\/\/citt-bio.madrimasd.org\/wp-content\/uploads\/2023\/07\/1447246618_363087_1447246695_noticia_normal.jpg 770w, https:\/\/citt-bio.madrimasd.org\/wp-content\/uploads\/2023\/07\/1447246618_363087_1447246695_noticia_normal-300x132.jpg 300w, https:\/\/citt-bio.madrimasd.org\/wp-content\/uploads\/2023\/07\/1447246618_363087_1447246695_noticia_normal-768x338.jpg 768w\" sizes=\"auto, (max-width: 770px) 100vw, 770px\" \/><\/a><\/figure>\n","protected":false},"excerpt":{"rendered":"<p>Presentaci\u00f3n del director y codirector Nos complace comunicarle que, desde finales de 2022, se puso en marcha el Cl\u00faster de Innovaci\u00f3n Tecnol\u00f3gica y Talento en Tecnolog\u00edas Biom\u00e9dicas y Biotecnolog\u00eda (CITT-BIO) de la Comunidad de Madrid, impulsado por la Direcci\u00f3n General de Investigaci\u00f3n e Innovaci\u00f3n Tecnol\u00f3gica y gestionado por la Fundaci\u00f3n para el conocimiento Madri+d. Este [&hellip;]<\/p>\n","protected":false},"author":3,"featured_media":0,"parent":5,"menu_order":0,"comment_status":"closed","ping_status":"closed","template":"","meta":{"_acf_changed":false,"_mc_calendar":[],"footnotes":""},"class_list":["post-17","page","type-page","status-publish","hentry"],"blocksy_meta":[],"acf":[],"_links":{"self":[{"href":"https:\/\/citt-bio.madrimasd.org\/index.php\/wp-json\/wp\/v2\/pages\/17","targetHints":{"allow":["GET"]}}],"collection":[{"href":"https:\/\/citt-bio.madrimasd.org\/index.php\/wp-json\/wp\/v2\/pages"}],"about":[{"href":"https:\/\/citt-bio.madrimasd.org\/index.php\/wp-json\/wp\/v2\/types\/page"}],"author":[{"embeddable":true,"href":"https:\/\/citt-bio.madrimasd.org\/index.php\/wp-json\/wp\/v2\/users\/3"}],"replies":[{"embeddable":true,"href":"https:\/\/citt-bio.madrimasd.org\/index.php\/wp-json\/wp\/v2\/comments?post=17"}],"version-history":[{"count":16,"href":"https:\/\/citt-bio.madrimasd.org\/index.php\/wp-json\/wp\/v2\/pages\/17\/revisions"}],"predecessor-version":[{"id":1446,"href":"https:\/\/citt-bio.madrimasd.org\/index.php\/wp-json\/wp\/v2\/pages\/17\/revisions\/1446"}],"up":[{"embeddable":true,"href":"https:\/\/citt-bio.madrimasd.org\/index.php\/wp-json\/wp\/v2\/pages\/5"}],"wp:attachment":[{"href":"https:\/\/citt-bio.madrimasd.org\/index.php\/wp-json\/wp\/v2\/media?parent=17"}],"curies":[{"name":"wp","href":"https:\/\/api.w.org\/{rel}","templated":true}]}}