{"id":19,"date":"2023-06-15T11:05:47","date_gmt":"2023-06-15T11:05:47","guid":{"rendered":"http:\/\/citt-humanidadesdigitales.madrimasd.org\/?page_id=19"},"modified":"2023-07-20T10:25:33","modified_gmt":"2023-07-20T08:25:33","slug":"objetivos","status":"publish","type":"page","link":"https:\/\/citt-bio.madrimasd.org\/index.php\/home\/objetivos\/","title":{"rendered":"Objetivos"},"content":{"rendered":"\n<div class=\"wp-block-columns is-layout-flex wp-container-core-columns-is-layout-28f84493 wp-block-columns-is-layout-flex\">\n<div class=\"wp-block-column is-layout-flow wp-block-column-is-layout-flow\">\n<figure class=\"wp-block-image aligncenter size-large is-resized\"><img loading=\"lazy\" decoding=\"async\" src=\"https:\/\/citt-bio.madrimasd.org\/wp-content\/uploads\/2023\/07\/Diapositiva3-1024x1024.png\" alt=\"\" class=\"wp-image-237\" width=\"150\" height=\"150\" srcset=\"https:\/\/citt-bio.madrimasd.org\/wp-content\/uploads\/2023\/07\/Diapositiva3-1024x1024.png 1024w, https:\/\/citt-bio.madrimasd.org\/wp-content\/uploads\/2023\/07\/Diapositiva3-300x300.png 300w, https:\/\/citt-bio.madrimasd.org\/wp-content\/uploads\/2023\/07\/Diapositiva3-150x150.png 150w, https:\/\/citt-bio.madrimasd.org\/wp-content\/uploads\/2023\/07\/Diapositiva3-768x768.png 768w, https:\/\/citt-bio.madrimasd.org\/wp-content\/uploads\/2023\/07\/Diapositiva3.png 1134w\" sizes=\"auto, (max-width: 150px) 100vw, 150px\" \/><\/figure>\n\n\n\n<p class=\"has-text-align-center\">Establecer un <strong>ecosistema<\/strong> con los actores principales para generar sinergias y alianzas<\/p>\n<\/div>\n\n\n\n<div class=\"wp-block-column is-layout-flow wp-block-column-is-layout-flow\">\n<figure class=\"wp-block-image aligncenter size-large is-resized\"><img loading=\"lazy\" decoding=\"async\" src=\"https:\/\/citt-bio.madrimasd.org\/wp-content\/uploads\/2023\/07\/Diapositiva6-1024x1024.png\" alt=\"\" class=\"wp-image-238\" width=\"150\" height=\"150\" srcset=\"https:\/\/citt-bio.madrimasd.org\/wp-content\/uploads\/2023\/07\/Diapositiva6-1024x1024.png 1024w, https:\/\/citt-bio.madrimasd.org\/wp-content\/uploads\/2023\/07\/Diapositiva6-300x300.png 300w, https:\/\/citt-bio.madrimasd.org\/wp-content\/uploads\/2023\/07\/Diapositiva6-150x150.png 150w, https:\/\/citt-bio.madrimasd.org\/wp-content\/uploads\/2023\/07\/Diapositiva6-768x768.png 768w, https:\/\/citt-bio.madrimasd.org\/wp-content\/uploads\/2023\/07\/Diapositiva6.png 1134w\" sizes=\"auto, (max-width: 150px) 100vw, 150px\" \/><\/figure>\n\n\n\n<p class=\"has-text-align-center\"><strong>Promocionar la Ciencia<\/strong>, para la generaci\u00f3n de soluciones innovadoras para la sociedad y para la sostenibilidad del Sistema Nacional de Salud<\/p>\n<\/div>\n\n\n\n<div class=\"wp-block-column is-layout-flow wp-block-column-is-layout-flow\">\n<figure class=\"wp-block-image aligncenter size-full is-resized\"><img loading=\"lazy\" decoding=\"async\" src=\"http:\/\/citt-bio.madrimasd.org\/wp-content\/uploads\/2023\/07\/eficiencia.png\" alt=\"\" class=\"wp-image-248\" width=\"150\" height=\"150\"\/><\/figure>\n\n\n\n<p class=\"has-text-align-center\">Mejorar la <strong>eficiencia<\/strong> analizando los principales retos y necesidades de la sociedad y del sector salud para resolverlas mediante soluciones innovadoras<\/p>\n<\/div>\n<\/div>\n\n\n\n<div class=\"wp-block-columns is-layout-flex wp-container-core-columns-is-layout-28f84493 wp-block-columns-is-layout-flex\">\n<div class=\"wp-block-column is-layout-flow wp-block-column-is-layout-flow\">\n<figure class=\"wp-block-image aligncenter size-full is-resized\"><img loading=\"lazy\" decoding=\"async\" src=\"http:\/\/citt-bio.madrimasd.org\/wp-content\/uploads\/2023\/07\/Diapositiva7-1.png\" alt=\"\" class=\"wp-image-247\" width=\"150\" height=\"150\"\/><\/figure>\n\n\n\n<p class=\"has-text-align-center\">Generar <strong>producto interior bruto<\/strong> en la regi\u00f3n mejorando la competitividad de las entidades del sector de las Tecnolog\u00edas Biom\u00e9dicas y la Biotecnolog\u00eda<\/p>\n<\/div>\n\n\n\n<div class=\"wp-block-column is-layout-flow wp-block-column-is-layout-flow\">\n<figure class=\"wp-block-image aligncenter size-full is-resized\"><img loading=\"lazy\" decoding=\"async\" src=\"http:\/\/citt-bio.madrimasd.org\/wp-content\/uploads\/2023\/07\/iconos-web.png\" alt=\"\" class=\"wp-image-242\" width=\"150\" height=\"150\"\/><\/figure>\n\n\n\n<p class=\"has-text-align-center\">Impulsar la atracci\u00f3n y captaci\u00f3n de financiaci\u00f3n del <strong>PERTE para la Salud de Vanguardia<\/strong> y del programa <strong>Horizonte Europa<\/strong><\/p>\n<\/div>\n\n\n\n<div class=\"wp-block-column is-layout-flow wp-block-column-is-layout-flow\">\n<figure class=\"wp-block-image aligncenter size-large is-resized\"><img loading=\"lazy\" decoding=\"async\" src=\"https:\/\/citt-bio.madrimasd.org\/wp-content\/uploads\/2023\/07\/Diapositiva12-1024x1024.png\" alt=\"\" class=\"wp-image-251\" width=\"150\" height=\"150\" srcset=\"https:\/\/citt-bio.madrimasd.org\/wp-content\/uploads\/2023\/07\/Diapositiva12-1024x1024.png 1024w, https:\/\/citt-bio.madrimasd.org\/wp-content\/uploads\/2023\/07\/Diapositiva12-300x300.png 300w, https:\/\/citt-bio.madrimasd.org\/wp-content\/uploads\/2023\/07\/Diapositiva12-150x150.png 150w, https:\/\/citt-bio.madrimasd.org\/wp-content\/uploads\/2023\/07\/Diapositiva12-768x768.png 768w, https:\/\/citt-bio.madrimasd.org\/wp-content\/uploads\/2023\/07\/Diapositiva12.png 1134w\" sizes=\"auto, (max-width: 150px) 100vw, 150px\" \/><\/figure>\n\n\n\n<p class=\"has-text-align-center\">Potenciar a la Comunidad de Madrid como <strong>regi\u00f3n de referencia, <\/strong>nacional e internacional<\/p>\n<\/div>\n<\/div>\n\n\n\n<div class=\"wp-block-columns is-layout-flex wp-container-core-columns-is-layout-28f84493 wp-block-columns-is-layout-flex\">\n<div class=\"wp-block-column is-layout-flow wp-block-column-is-layout-flow\">\n<figure class=\"wp-block-image aligncenter size-large is-resized\"><img loading=\"lazy\" decoding=\"async\" src=\"https:\/\/citt-bio.madrimasd.org\/wp-content\/uploads\/2023\/07\/Diapositiva8-1024x1024.png\" alt=\"\" class=\"wp-image-249\" width=\"150\" height=\"150\" srcset=\"https:\/\/citt-bio.madrimasd.org\/wp-content\/uploads\/2023\/07\/Diapositiva8-1024x1024.png 1024w, https:\/\/citt-bio.madrimasd.org\/wp-content\/uploads\/2023\/07\/Diapositiva8-300x300.png 300w, https:\/\/citt-bio.madrimasd.org\/wp-content\/uploads\/2023\/07\/Diapositiva8-150x150.png 150w, https:\/\/citt-bio.madrimasd.org\/wp-content\/uploads\/2023\/07\/Diapositiva8-768x768.png 768w, https:\/\/citt-bio.madrimasd.org\/wp-content\/uploads\/2023\/07\/Diapositiva8.png 1134w\" sizes=\"auto, (max-width: 150px) 100vw, 150px\" \/><\/figure>\n\n\n\n<p class=\"has-text-align-center\">Promover la innovaci\u00f3n abierta y la generaci\u00f3n de <strong>nuevas empresas innovadoras<\/strong><\/p>\n<\/div>\n\n\n\n<div class=\"wp-block-column is-layout-flow wp-block-column-is-layout-flow\">\n<figure class=\"wp-block-image aligncenter size-full is-resized\"><img loading=\"lazy\" decoding=\"async\" src=\"http:\/\/citt-bio.madrimasd.org\/wp-content\/uploads\/2023\/07\/Diapositiva9-1.png\" alt=\"\" class=\"wp-image-246\" width=\"150\" height=\"150\"\/><\/figure>\n\n\n\n<p class=\"has-text-align-center\">Crear <strong>actividades<\/strong> relevantes para los sectores o \u00e1reas productivas en la Comunidad de Madrid<\/p>\n<\/div>\n\n\n\n<div class=\"wp-block-column is-layout-flow wp-block-column-is-layout-flow\">\n<figure class=\"wp-block-image aligncenter size-full is-resized\"><img loading=\"lazy\" decoding=\"async\" src=\"http:\/\/citt-bio.madrimasd.org\/wp-content\/uploads\/2023\/07\/ciencia.png\" alt=\"\" class=\"wp-image-250\" width=\"150\" height=\"150\"\/><\/figure>\n\n\n\n<p class=\"has-text-align-center\">Fortalecer las <strong>capacidades<\/strong> del sistema nacional de ciencia, tecnolog\u00eda e innovaci\u00f3n, aplicando la reforma de la Ley de la Ciencia, la Tecnolog\u00eda y la Innovaci\u00f3n<\/p>\n<\/div>\n<\/div>\n","protected":false},"excerpt":{"rendered":"<p>Establecer un ecosistema con los actores principales para generar sinergias y alianzas Promocionar la Ciencia, para la generaci\u00f3n de soluciones innovadoras para la sociedad y para la sostenibilidad del Sistema Nacional de Salud Mejorar la eficiencia analizando los principales retos y necesidades de la sociedad y del sector salud para resolverlas mediante soluciones innovadoras Generar [&hellip;]<\/p>\n","protected":false},"author":3,"featured_media":0,"parent":5,"menu_order":1,"comment_status":"closed","ping_status":"closed","template":"","meta":{"_acf_changed":false,"_mc_calendar":[],"footnotes":""},"class_list":["post-19","page","type-page","status-publish","hentry"],"blocksy_meta":[],"acf":[],"_links":{"self":[{"href":"https:\/\/citt-bio.madrimasd.org\/index.php\/wp-json\/wp\/v2\/pages\/19","targetHints":{"allow":["GET"]}}],"collection":[{"href":"https:\/\/citt-bio.madrimasd.org\/index.php\/wp-json\/wp\/v2\/pages"}],"about":[{"href":"https:\/\/citt-bio.madrimasd.org\/index.php\/wp-json\/wp\/v2\/types\/page"}],"author":[{"embeddable":true,"href":"https:\/\/citt-bio.madrimasd.org\/index.php\/wp-json\/wp\/v2\/users\/3"}],"replies":[{"embeddable":true,"href":"https:\/\/citt-bio.madrimasd.org\/index.php\/wp-json\/wp\/v2\/comments?post=19"}],"version-history":[{"count":4,"href":"https:\/\/citt-bio.madrimasd.org\/index.php\/wp-json\/wp\/v2\/pages\/19\/revisions"}],"predecessor-version":[{"id":490,"href":"https:\/\/citt-bio.madrimasd.org\/index.php\/wp-json\/wp\/v2\/pages\/19\/revisions\/490"}],"up":[{"embeddable":true,"href":"https:\/\/citt-bio.madrimasd.org\/index.php\/wp-json\/wp\/v2\/pages\/5"}],"wp:attachment":[{"href":"https:\/\/citt-bio.madrimasd.org\/index.php\/wp-json\/wp\/v2\/media?parent=19"}],"curies":[{"name":"wp","href":"https:\/\/api.w.org\/{rel}","templated":true}]}}