{"id":21,"date":"2023-06-15T11:06:36","date_gmt":"2023-06-15T11:06:36","guid":{"rendered":"http:\/\/citt-humanidadesdigitales.madrimasd.org\/?page_id=21"},"modified":"2023-07-20T12:34:45","modified_gmt":"2023-07-20T10:34:45","slug":"lineas-de-trabajo","status":"publish","type":"page","link":"https:\/\/citt-bio.madrimasd.org\/index.php\/home\/lineas-de-trabajo\/","title":{"rendered":"Misi\u00f3n \u2013 Visi\u00f3n \u2013 Valores"},"content":{"rendered":"\n<div class=\"wp-block-cover is-light\" style=\"padding-top:var(--wp--preset--spacing--30);padding-right:var(--wp--preset--spacing--30);padding-bottom:var(--wp--preset--spacing--30);padding-left:var(--wp--preset--spacing--30);min-height:430px;aspect-ratio:unset;\"><span aria-hidden=\"true\" class=\"wp-block-cover__background has-background-dim\"><\/span><img loading=\"lazy\" decoding=\"async\" width=\"1134\" height=\"1134\" class=\"wp-block-cover__image-background wp-image-263\" alt=\"\" src=\"https:\/\/citt-bio.madrimasd.org\/wp-content\/uploads\/2023\/07\/mision_square.png\" style=\"object-position:51% 24%\" data-object-fit=\"cover\" data-object-position=\"51% 24%\" srcset=\"https:\/\/citt-bio.madrimasd.org\/wp-content\/uploads\/2023\/07\/mision_square.png 1134w, https:\/\/citt-bio.madrimasd.org\/wp-content\/uploads\/2023\/07\/mision_square-300x300.png 300w, https:\/\/citt-bio.madrimasd.org\/wp-content\/uploads\/2023\/07\/mision_square-1024x1024.png 1024w, https:\/\/citt-bio.madrimasd.org\/wp-content\/uploads\/2023\/07\/mision_square-150x150.png 150w, https:\/\/citt-bio.madrimasd.org\/wp-content\/uploads\/2023\/07\/mision_square-768x768.png 768w\" sizes=\"auto, (max-width: 1134px) 100vw, 1134px\" \/><div class=\"wp-block-cover__inner-container is-layout-flow wp-block-cover-is-layout-flow\">\n<p class=\"has-text-align-center has-palette-color-8-color has-text-color\" style=\"font-size:clamp(33.419px, 2.089rem + ((1vw - 3.2px) * 2.077), 60px);\"><strong>MISI\u00d3N<\/strong><\/p>\n\n\n\n<p class=\"has-text-align-center has-palette-color-8-color has-text-color has-medium-font-size\">Promover la <strong>colaboraci\u00f3n <\/strong>y la<strong> transferencia de conocimiento<\/strong> en tecnolog\u00edas biom\u00e9dicas y biotecnolog\u00eda entre los <strong>agentes p\u00fablicos<\/strong> <strong>y privados<\/strong> presentes en la Comunidad de Madrid para situarla como un <strong>polo regional de excelencia<\/strong> en investigaci\u00f3n e innovaci\u00f3n en este campo, creando <strong>un ecosistema de referencia<\/strong> nacional e internacional<\/p>\n<\/div><\/div>\n\n\n\n<div class=\"wp-block-cover is-light\" style=\"padding-top:var(--wp--preset--spacing--30);padding-right:var(--wp--preset--spacing--30);padding-bottom:var(--wp--preset--spacing--30);padding-left:var(--wp--preset--spacing--30);min-height:430px;aspect-ratio:unset;\"><span aria-hidden=\"true\" class=\"wp-block-cover__background has-background-dim\"><\/span><img loading=\"lazy\" decoding=\"async\" width=\"1134\" height=\"1134\" class=\"wp-block-cover__image-background wp-image-265\" alt=\"\" src=\"http:\/\/citt-bio.madrimasd.org\/wp-content\/uploads\/2023\/07\/vision_square-1.png\" style=\"object-position:29% 47%\" data-object-fit=\"cover\" data-object-position=\"29% 47%\" srcset=\"https:\/\/citt-bio.madrimasd.org\/wp-content\/uploads\/2023\/07\/vision_square-1.png 1134w, https:\/\/citt-bio.madrimasd.org\/wp-content\/uploads\/2023\/07\/vision_square-1-300x300.png 300w, https:\/\/citt-bio.madrimasd.org\/wp-content\/uploads\/2023\/07\/vision_square-1-1024x1024.png 1024w, https:\/\/citt-bio.madrimasd.org\/wp-content\/uploads\/2023\/07\/vision_square-1-150x150.png 150w, https:\/\/citt-bio.madrimasd.org\/wp-content\/uploads\/2023\/07\/vision_square-1-768x768.png 768w\" sizes=\"auto, (max-width: 1134px) 100vw, 1134px\" \/><div class=\"wp-block-cover__inner-container is-layout-flow wp-block-cover-is-layout-flow\">\n<p class=\"has-text-align-center has-palette-color-8-color has-text-color\" style=\"font-size:clamp(33.419px, 2.089rem + ((1vw - 3.2px) * 2.077), 60px);\"><strong>VISI\u00d3N<\/strong><\/p>\n\n\n\n<p class=\"has-text-align-center has-palette-color-8-color has-text-color has-medium-font-size\">Crear un <strong>ecosistema de interacci\u00f3n<\/strong> entre las entidades de la regi\u00f3n, <strong>impulsando sinergias y alianzas<\/strong> que dinamicen las estrategias regionales de I+D+i en el campo de las tecnolog\u00edas biom\u00e9dicas y biotecnol\u00f3gicas,<strong> detectando&nbsp; fortalezas<\/strong>, potenciando las <strong>capacidades <\/strong>de las entidades de la Comunidad de Madrid y favoreciendo la <strong>captaci\u00f3n de recursos <\/strong>nacionales e internacionales, que repercuta positivamente en la sociedad favoreciendo un <strong>crecimiento econ\u00f3mico<\/strong> en la regi\u00f3n en los sectores productivos de este \u00e1mbito<\/p>\n<\/div><\/div>\n\n\n\n<div class=\"wp-block-cover is-light\" style=\"padding-top:var(--wp--preset--spacing--30);padding-right:var(--wp--preset--spacing--30);padding-bottom:var(--wp--preset--spacing--30);padding-left:var(--wp--preset--spacing--30);min-height:430px;aspect-ratio:unset;\"><span aria-hidden=\"true\" class=\"wp-block-cover__background has-background-dim\"><\/span><img loading=\"lazy\" decoding=\"async\" width=\"1134\" height=\"1134\" class=\"wp-block-cover__image-background wp-image-266\" alt=\"\" src=\"http:\/\/citt-bio.madrimasd.org\/wp-content\/uploads\/2023\/07\/valores_square.png\" style=\"object-position:54% 81%\" data-object-fit=\"cover\" data-object-position=\"54% 81%\"\/><div class=\"wp-block-cover__inner-container is-layout-flow wp-block-cover-is-layout-flow\">\n<p class=\"has-text-align-center has-palette-color-8-color has-text-color\" style=\"font-size:clamp(33.419px, 2.089rem + ((1vw - 3.2px) * 2.077), 60px);\"><strong>VALORES<\/strong><\/p>\n\n\n\n<p class=\"has-text-align-center has-palette-color-8-color has-text-color has-medium-font-size\">En el desarrollo de su actividad, el Cl\u00faster asume los siguientes valores institucionales: <\/p>\n\n\n\n<div class=\"wp-block-group is-content-justification-center is-nowrap is-layout-flex wp-container-core-group-is-layout-23441af8 wp-block-group-is-layout-flex\">\n<p class=\"has-text-align-center has-palette-color-8-color has-text-color has-medium-font-size wp-container-content-1387b69e\"><strong>Liderazgo<\/strong><\/p>\n\n\n\n<p class=\"has-text-align-center has-palette-color-8-color has-text-color has-medium-font-size wp-container-content-1387b69e\"><strong>Eficiencia<\/strong><\/p>\n\n\n\n<p class=\"has-text-align-center has-palette-color-8-color has-text-color has-medium-font-size\"><strong>Compromiso social<\/strong><\/p>\n\n\n\n<p class=\"has-text-align-center has-palette-color-8-color has-text-color has-medium-font-size wp-container-content-9cfa9a5a\"><strong>Excelencia cient\u00edfica <\/strong><br><strong>y tecnol\u00f3gica<\/strong><\/p>\n\n\n\n<p class=\"has-text-align-center has-palette-color-8-color has-text-color has-medium-font-size wp-container-content-9cfa9a5a\"><strong>Cooperaci\u00f3n, colaboraci\u00f3n <\/strong><br><strong>y creaci\u00f3n de sinergias<\/strong><\/p>\n<\/div>\n\n\n\n<p><\/p>\n<\/div><\/div>\n\n\n\n<p class=\"has-text-align-right has-cyan-bluish-gray-color has-text-color\" style=\"font-size:10px\">fotograf\u00edas gratuitas creadas por freepik<\/p>\n","protected":false},"excerpt":{"rendered":"<p>fotograf\u00edas gratuitas creadas por freepik<\/p>\n","protected":false},"author":3,"featured_media":0,"parent":5,"menu_order":2,"comment_status":"closed","ping_status":"closed","template":"","meta":{"_acf_changed":false,"_mc_calendar":[],"footnotes":""},"class_list":["post-21","page","type-page","status-publish","hentry"],"blocksy_meta":[],"acf":[],"_links":{"self":[{"href":"https:\/\/citt-bio.madrimasd.org\/index.php\/wp-json\/wp\/v2\/pages\/21","targetHints":{"allow":["GET"]}}],"collection":[{"href":"https:\/\/citt-bio.madrimasd.org\/index.php\/wp-json\/wp\/v2\/pages"}],"about":[{"href":"https:\/\/citt-bio.madrimasd.org\/index.php\/wp-json\/wp\/v2\/types\/page"}],"author":[{"embeddable":true,"href":"https:\/\/citt-bio.madrimasd.org\/index.php\/wp-json\/wp\/v2\/users\/3"}],"replies":[{"embeddable":true,"href":"https:\/\/citt-bio.madrimasd.org\/index.php\/wp-json\/wp\/v2\/comments?post=21"}],"version-history":[{"count":10,"href":"https:\/\/citt-bio.madrimasd.org\/index.php\/wp-json\/wp\/v2\/pages\/21\/revisions"}],"predecessor-version":[{"id":589,"href":"https:\/\/citt-bio.madrimasd.org\/index.php\/wp-json\/wp\/v2\/pages\/21\/revisions\/589"}],"up":[{"embeddable":true,"href":"https:\/\/citt-bio.madrimasd.org\/index.php\/wp-json\/wp\/v2\/pages\/5"}],"wp:attachment":[{"href":"https:\/\/citt-bio.madrimasd.org\/index.php\/wp-json\/wp\/v2\/media?parent=21"}],"curies":[{"name":"wp","href":"https:\/\/api.w.org\/{rel}","templated":true}]}}