{"id":212,"date":"2023-07-10T16:10:05","date_gmt":"2023-07-10T16:10:05","guid":{"rendered":"https:\/\/citt-bio.madrimasd.org\/?page_id=212"},"modified":"2023-11-14T12:24:43","modified_gmt":"2023-11-14T10:24:43","slug":"fundaciones-e-institutos-de-investigacion-sanitaria","status":"publish","type":"page","link":"https:\/\/citt-bio.madrimasd.org\/index.php\/miembros\/fundaciones-e-institutos-de-investigacion-sanitaria\/","title":{"rendered":"Fundaciones e institutos de investigaci\u00f3n sanitaria"},"content":{"rendered":"\n<div class=\"wp-block-columns is-layout-flex wp-container-core-columns-is-layout-28f84493 wp-block-columns-is-layout-flex\">\n<div class=\"wp-block-column is-layout-flow wp-block-column-is-layout-flow\">\n<figure class=\"wp-block-image size-large\"><img loading=\"lazy\" decoding=\"async\" width=\"1024\" height=\"1024\" src=\"https:\/\/citt-bio.madrimasd.org\/wp-content\/uploads\/2023\/07\/Slide32-1024x1024.png\" alt=\"\" class=\"wp-image-351\" srcset=\"https:\/\/citt-bio.madrimasd.org\/wp-content\/uploads\/2023\/07\/Slide32-1024x1024.png 1024w, https:\/\/citt-bio.madrimasd.org\/wp-content\/uploads\/2023\/07\/Slide32-300x300.png 300w, https:\/\/citt-bio.madrimasd.org\/wp-content\/uploads\/2023\/07\/Slide32-150x150.png 150w, https:\/\/citt-bio.madrimasd.org\/wp-content\/uploads\/2023\/07\/Slide32-768x768.png 768w, https:\/\/citt-bio.madrimasd.org\/wp-content\/uploads\/2023\/07\/Slide32.png 1134w\" sizes=\"auto, (max-width: 1024px) 100vw, 1024px\" \/><\/figure>\n\n\n\n<h4 class=\"wp-block-heading has-text-align-center\">FIB Hospital Universitario de Getafe<\/h4>\n\n\n\n<div class=\"wp-block-buttons is-content-justification-center is-layout-flex wp-container-core-buttons-is-layout-a89b3969 wp-block-buttons-is-layout-flex\">\n<div class=\"wp-block-button is-style-outline is-style-outline--1\"><a class=\"wp-block-button__link wp-element-button\" href=\"https:\/\/iisgetafe.es\/\" target=\"_blank\" rel=\"noreferrer noopener\">WEB<\/a><\/div>\n<\/div>\n<\/div>\n\n\n\n<div class=\"wp-block-column is-layout-flow wp-block-column-is-layout-flow\">\n<figure class=\"wp-block-image size-large\"><img loading=\"lazy\" decoding=\"async\" width=\"1024\" height=\"1024\" src=\"https:\/\/citt-bio.madrimasd.org\/wp-content\/uploads\/2023\/07\/Slide33-1024x1024.png\" alt=\"\" class=\"wp-image-352\" srcset=\"https:\/\/citt-bio.madrimasd.org\/wp-content\/uploads\/2023\/07\/Slide33-1024x1024.png 1024w, https:\/\/citt-bio.madrimasd.org\/wp-content\/uploads\/2023\/07\/Slide33-300x300.png 300w, https:\/\/citt-bio.madrimasd.org\/wp-content\/uploads\/2023\/07\/Slide33-150x150.png 150w, https:\/\/citt-bio.madrimasd.org\/wp-content\/uploads\/2023\/07\/Slide33-768x768.png 768w, https:\/\/citt-bio.madrimasd.org\/wp-content\/uploads\/2023\/07\/Slide33.png 1134w\" sizes=\"auto, (max-width: 1024px) 100vw, 1024px\" \/><\/figure>\n\n\n\n<h4 class=\"wp-block-heading has-text-align-center\">FIB Hospital Cl\u00ednico San Carlos<\/h4>\n\n\n\n<div class=\"wp-block-buttons is-content-justification-center is-layout-flex wp-container-core-buttons-is-layout-a89b3969 wp-block-buttons-is-layout-flex\">\n<div class=\"wp-block-button is-style-outline is-style-outline--2\"><a class=\"wp-block-button__link wp-element-button\" href=\"https:\/\/www.idissc.org\/\" target=\"_blank\" rel=\"noreferrer noopener\">WEB<\/a><\/div>\n<\/div>\n<\/div>\n\n\n\n<div class=\"wp-block-column is-layout-flow wp-block-column-is-layout-flow\">\n<figure class=\"wp-block-image size-large\"><img loading=\"lazy\" decoding=\"async\" width=\"1024\" height=\"1024\" src=\"https:\/\/citt-bio.madrimasd.org\/wp-content\/uploads\/2023\/07\/Slide34-1024x1024.png\" alt=\"\" class=\"wp-image-353\" srcset=\"https:\/\/citt-bio.madrimasd.org\/wp-content\/uploads\/2023\/07\/Slide34-1024x1024.png 1024w, https:\/\/citt-bio.madrimasd.org\/wp-content\/uploads\/2023\/07\/Slide34-300x300.png 300w, https:\/\/citt-bio.madrimasd.org\/wp-content\/uploads\/2023\/07\/Slide34-150x150.png 150w, https:\/\/citt-bio.madrimasd.org\/wp-content\/uploads\/2023\/07\/Slide34-768x768.png 768w, https:\/\/citt-bio.madrimasd.org\/wp-content\/uploads\/2023\/07\/Slide34.png 1134w\" sizes=\"auto, (max-width: 1024px) 100vw, 1024px\" \/><\/figure>\n\n\n\n<h4 class=\"wp-block-heading has-text-align-center\">FIIBAP de Atenci\u00f3n Primaria<\/h4>\n\n\n\n<div class=\"wp-block-buttons is-content-justification-center is-layout-flex wp-container-core-buttons-is-layout-a89b3969 wp-block-buttons-is-layout-flex\">\n<div class=\"wp-block-button is-style-outline is-style-outline--3\"><a class=\"wp-block-button__link wp-element-button\" href=\"https:\/\/www.fiibap.org\/\" target=\"_blank\" rel=\"noreferrer noopener\">WEB<\/a><\/div>\n<\/div>\n<\/div>\n\n\n\n<div class=\"wp-block-column is-layout-flow wp-block-column-is-layout-flow\">\n<figure class=\"wp-block-image size-large\"><img loading=\"lazy\" decoding=\"async\" width=\"1024\" height=\"1024\" src=\"https:\/\/citt-bio.madrimasd.org\/wp-content\/uploads\/2023\/07\/Slide35-1024x1024.png\" alt=\"\" class=\"wp-image-354\" srcset=\"https:\/\/citt-bio.madrimasd.org\/wp-content\/uploads\/2023\/07\/Slide35-1024x1024.png 1024w, https:\/\/citt-bio.madrimasd.org\/wp-content\/uploads\/2023\/07\/Slide35-300x300.png 300w, https:\/\/citt-bio.madrimasd.org\/wp-content\/uploads\/2023\/07\/Slide35-150x150.png 150w, https:\/\/citt-bio.madrimasd.org\/wp-content\/uploads\/2023\/07\/Slide35-768x768.png 768w, https:\/\/citt-bio.madrimasd.org\/wp-content\/uploads\/2023\/07\/Slide35.png 1134w\" sizes=\"auto, (max-width: 1024px) 100vw, 1024px\" \/><\/figure>\n\n\n\n<h4 class=\"wp-block-heading has-text-align-center\">FIB HU Infanta Sof\u00eda<br>HU del Henares<\/h4>\n\n\n\n<div class=\"wp-block-buttons is-content-justification-center is-layout-flex wp-container-core-buttons-is-layout-a89b3969 wp-block-buttons-is-layout-flex\">\n<div class=\"wp-block-button is-style-outline is-style-outline--4\"><a class=\"wp-block-button__link wp-element-button\" href=\"https:\/\/www.comunidad.madrid\/hospital\/infantasofia\/profesionales\/fundacion-investigacion\" target=\"_blank\" rel=\"noreferrer noopener\">WEB<\/a><\/div>\n<\/div>\n<\/div>\n<\/div>\n\n\n\n<div style=\"height:100px\" aria-hidden=\"true\" class=\"wp-block-spacer\"><\/div>\n\n\n\n<div class=\"wp-block-columns is-layout-flex wp-container-core-columns-is-layout-28f84493 wp-block-columns-is-layout-flex\">\n<div class=\"wp-block-column is-layout-flow wp-block-column-is-layout-flow\">\n<figure class=\"wp-block-image size-full is-resized\"><img loading=\"lazy\" decoding=\"async\" width=\"1134\" height=\"1134\" src=\"http:\/\/citt-bio.madrimasd.org\/wp-content\/uploads\/2023\/07\/Slide36.png\" alt=\"\" class=\"wp-image-356\" style=\"width:305px;height:305px\"\/><\/figure>\n\n\n\n<h4 class=\"wp-block-heading has-text-align-center\">FIB HU Infanta Leonor<br>HU del Sureste<\/h4>\n\n\n\n<div class=\"wp-block-buttons is-content-justification-center is-layout-flex wp-container-core-buttons-is-layout-a89b3969 wp-block-buttons-is-layout-flex\">\n<div class=\"wp-block-button is-style-outline is-style-outline--5\"><a class=\"wp-block-button__link wp-element-button\" href=\"https:\/\/www.comunidad.madrid\/hospital\/infantaleonor\/profesionales\/investigacion\" target=\"_blank\" rel=\"noreferrer noopener\">WEB<\/a><\/div>\n<\/div>\n<\/div>\n\n\n\n<div class=\"wp-block-column is-layout-flow wp-block-column-is-layout-flow\">\n<figure class=\"wp-block-image size-full\"><img loading=\"lazy\" decoding=\"async\" width=\"1134\" height=\"1134\" src=\"http:\/\/citt-bio.madrimasd.org\/wp-content\/uploads\/2023\/07\/Slide37.png\" alt=\"\" class=\"wp-image-357\"\/><\/figure>\n\n\n\n<h4 class=\"wp-block-heading has-text-align-center\">FIB HU <br>La Paz<\/h4>\n\n\n\n<div class=\"wp-block-buttons is-content-justification-center is-layout-flex wp-container-core-buttons-is-layout-a89b3969 wp-block-buttons-is-layout-flex\">\n<div class=\"wp-block-button is-style-outline is-style-outline--6\"><a class=\"wp-block-button__link wp-element-button\" href=\"https:\/\/idipaz.es\/DefaultES.aspx\" target=\"_blank\" rel=\"noreferrer noopener\">WEB<\/a><\/div>\n<\/div>\n<\/div>\n\n\n\n<div class=\"wp-block-column is-layout-flow wp-block-column-is-layout-flow\">\n<figure class=\"wp-block-image size-full\"><img loading=\"lazy\" decoding=\"async\" width=\"1134\" height=\"1134\" src=\"http:\/\/citt-bio.madrimasd.org\/wp-content\/uploads\/2023\/07\/Slide41.png\" alt=\"\" class=\"wp-image-360\"\/><\/figure>\n\n\n\n<h4 class=\"wp-block-heading has-text-align-center\">FIB HU Puerta del Hierro Majadahonda<\/h4>\n\n\n\n<div class=\"wp-block-buttons is-content-justification-center is-layout-flex wp-container-core-buttons-is-layout-a89b3969 wp-block-buttons-is-layout-flex\">\n<div class=\"wp-block-button is-style-outline is-style-outline--7\"><a class=\"wp-block-button__link wp-element-button\" href=\"https:\/\/investigacionpuertadehierro.com\/fibph\/\" target=\"_blank\" rel=\"noreferrer noopener\">WEB<\/a><\/div>\n<\/div>\n<\/div>\n\n\n\n<div class=\"wp-block-column is-layout-flow wp-block-column-is-layout-flow\">\n<figure class=\"wp-block-image size-large\"><img loading=\"lazy\" decoding=\"async\" width=\"1024\" height=\"1024\" src=\"http:\/\/citt-bio.madrimasd.org\/wp-content\/uploads\/2023\/07\/Slide42-1024x1024.png\" alt=\"\" class=\"wp-image-363\" srcset=\"https:\/\/citt-bio.madrimasd.org\/wp-content\/uploads\/2023\/07\/Slide42-1024x1024.png 1024w, https:\/\/citt-bio.madrimasd.org\/wp-content\/uploads\/2023\/07\/Slide42-300x300.png 300w, https:\/\/citt-bio.madrimasd.org\/wp-content\/uploads\/2023\/07\/Slide42-150x150.png 150w, https:\/\/citt-bio.madrimasd.org\/wp-content\/uploads\/2023\/07\/Slide42-768x768.png 768w, https:\/\/citt-bio.madrimasd.org\/wp-content\/uploads\/2023\/07\/Slide42.png 1134w\" sizes=\"auto, (max-width: 1024px) 100vw, 1024px\" \/><\/figure>\n\n\n\n<h4 class=\"wp-block-heading has-text-align-center\">FIB HU de <br>La Princesa<\/h4>\n\n\n\n<div class=\"wp-block-buttons is-content-justification-center is-layout-flex wp-container-core-buttons-is-layout-a89b3969 wp-block-buttons-is-layout-flex\">\n<div class=\"wp-block-button is-style-outline is-style-outline--8\"><a class=\"wp-block-button__link wp-element-button\" href=\"https:\/\/www.iis-princesa.org\/\" target=\"_blank\" rel=\"noreferrer noopener\">WEB<\/a><\/div>\n<\/div>\n<\/div>\n<\/div>\n\n\n\n<div style=\"height:100px\" aria-hidden=\"true\" class=\"wp-block-spacer\"><\/div>\n\n\n\n<div class=\"wp-block-columns is-layout-flex wp-container-core-columns-is-layout-28f84493 wp-block-columns-is-layout-flex\">\n<div class=\"wp-block-column is-layout-flow wp-block-column-is-layout-flow\">\n<figure class=\"wp-block-image size-large\"><img loading=\"lazy\" decoding=\"async\" width=\"1024\" height=\"1024\" src=\"http:\/\/citt-bio.madrimasd.org\/wp-content\/uploads\/2023\/07\/FIBHUPA_vf-1-1024x1024.png\" alt=\"\" class=\"wp-image-364\" srcset=\"https:\/\/citt-bio.madrimasd.org\/wp-content\/uploads\/2023\/07\/FIBHUPA_vf-1-1024x1024.png 1024w, https:\/\/citt-bio.madrimasd.org\/wp-content\/uploads\/2023\/07\/FIBHUPA_vf-1-300x300.png 300w, https:\/\/citt-bio.madrimasd.org\/wp-content\/uploads\/2023\/07\/FIBHUPA_vf-1-150x150.png 150w, https:\/\/citt-bio.madrimasd.org\/wp-content\/uploads\/2023\/07\/FIBHUPA_vf-1-768x768.png 768w, https:\/\/citt-bio.madrimasd.org\/wp-content\/uploads\/2023\/07\/FIBHUPA_vf-1.png 1134w\" sizes=\"auto, (max-width: 1024px) 100vw, 1024px\" \/><\/figure>\n\n\n\n<h4 class=\"wp-block-heading has-text-align-center\">FIB HU Pr\u00edncipe de Asturias<\/h4>\n\n\n\n<div class=\"wp-block-buttons is-content-justification-center is-layout-flex wp-container-core-buttons-is-layout-a89b3969 wp-block-buttons-is-layout-flex\">\n<div class=\"wp-block-button is-style-outline is-style-outline--9\"><a class=\"wp-block-button__link wp-element-button\" href=\"https:\/\/www.comunidad.madrid\/hospital\/principeasturias\/profesionales\/investigacion\" target=\"_blank\" rel=\"noreferrer noopener\">WEB<\/a><\/div>\n<\/div>\n<\/div>\n\n\n\n<div class=\"wp-block-column is-layout-flow wp-block-column-is-layout-flow\">\n<figure class=\"wp-block-image size-large\"><img loading=\"lazy\" decoding=\"async\" width=\"1024\" height=\"1024\" src=\"http:\/\/citt-bio.madrimasd.org\/wp-content\/uploads\/2023\/07\/Diapositiva34-1024x1024.png\" alt=\"\" class=\"wp-image-309\" srcset=\"https:\/\/citt-bio.madrimasd.org\/wp-content\/uploads\/2023\/07\/Diapositiva34-1024x1024.png 1024w, https:\/\/citt-bio.madrimasd.org\/wp-content\/uploads\/2023\/07\/Diapositiva34-300x300.png 300w, https:\/\/citt-bio.madrimasd.org\/wp-content\/uploads\/2023\/07\/Diapositiva34-150x150.png 150w, https:\/\/citt-bio.madrimasd.org\/wp-content\/uploads\/2023\/07\/Diapositiva34-768x768.png 768w, https:\/\/citt-bio.madrimasd.org\/wp-content\/uploads\/2023\/07\/Diapositiva34.png 1134w\" sizes=\"auto, (max-width: 1024px) 100vw, 1024px\" \/><\/figure>\n\n\n\n<h4 class=\"wp-block-heading has-text-align-center\">FIB Hospital Infantil Univ. Ni\u00f1o Jes\u00fas<\/h4>\n\n\n\n<div class=\"wp-block-buttons is-content-justification-center is-layout-flex wp-container-core-buttons-is-layout-a89b3969 wp-block-buttons-is-layout-flex\">\n<div class=\"wp-block-button is-style-outline is-style-outline--10\"><a class=\"wp-block-button__link wp-element-button\" href=\"https:\/\/fibhnjs.org\/\" target=\"_blank\" rel=\"noreferrer noopener\">WEB<\/a><\/div>\n<\/div>\n<\/div>\n\n\n\n<div class=\"wp-block-column is-layout-flow wp-block-column-is-layout-flow\">\n<figure class=\"wp-block-image size-full\"><img loading=\"lazy\" decoding=\"async\" width=\"1134\" height=\"1134\" src=\"http:\/\/citt-bio.madrimasd.org\/wp-content\/uploads\/2023\/07\/Slide43.png\" alt=\"\" class=\"wp-image-365\"\/><\/figure>\n\n\n\n<h4 class=\"wp-block-heading has-text-align-center\">FIB HU 12 de <br>Octubre<\/h4>\n\n\n\n<div class=\"wp-block-buttons is-content-justification-center is-layout-flex wp-container-core-buttons-is-layout-a89b3969 wp-block-buttons-is-layout-flex\">\n<div class=\"wp-block-button is-style-outline is-style-outline--11\"><a class=\"wp-block-button__link wp-element-button\" href=\"https:\/\/imas12.es\/\" target=\"_blank\" rel=\"noreferrer noopener\">WEB<\/a><\/div>\n<\/div>\n<\/div>\n\n\n\n<div class=\"wp-block-column is-layout-flow wp-block-column-is-layout-flow\">\n<figure class=\"wp-block-image size-large\"><img loading=\"lazy\" decoding=\"async\" width=\"1024\" height=\"1024\" src=\"https:\/\/citt-bio.madrimasd.org\/wp-content\/uploads\/2023\/07\/FIB-Gregorio-Maranon-1024x1024.png\" alt=\"\" class=\"wp-image-477\" srcset=\"https:\/\/citt-bio.madrimasd.org\/wp-content\/uploads\/2023\/07\/FIB-Gregorio-Maranon-1024x1024.png 1024w, https:\/\/citt-bio.madrimasd.org\/wp-content\/uploads\/2023\/07\/FIB-Gregorio-Maranon-300x300.png 300w, https:\/\/citt-bio.madrimasd.org\/wp-content\/uploads\/2023\/07\/FIB-Gregorio-Maranon-150x150.png 150w, https:\/\/citt-bio.madrimasd.org\/wp-content\/uploads\/2023\/07\/FIB-Gregorio-Maranon-768x768.png 768w, https:\/\/citt-bio.madrimasd.org\/wp-content\/uploads\/2023\/07\/FIB-Gregorio-Maranon.png 1134w\" sizes=\"auto, (max-width: 1024px) 100vw, 1024px\" \/><\/figure>\n\n\n\n<h4 class=\"wp-block-heading has-text-align-center\">IIS Gregorio <br>Mara\u00f1\u00f3n<\/h4>\n\n\n\n<div class=\"wp-block-buttons is-content-justification-center is-layout-flex wp-container-core-buttons-is-layout-a89b3969 wp-block-buttons-is-layout-flex\">\n<div class=\"wp-block-button is-style-outline is-style-outline--12\"><a class=\"wp-block-button__link wp-element-button\" href=\"https:\/\/www.iisgm.com\/\" target=\"_blank\" rel=\"noreferrer noopener\">WEB<\/a><\/div>\n<\/div>\n<\/div>\n<\/div>\n\n\n\n<div style=\"height:100px\" aria-hidden=\"true\" class=\"wp-block-spacer\"><\/div>\n\n\n\n<div class=\"wp-block-columns is-layout-flex wp-container-core-columns-is-layout-28f84493 wp-block-columns-is-layout-flex\">\n<div class=\"wp-block-column is-layout-flow wp-block-column-is-layout-flow\">\n<figure class=\"wp-block-image size-full\"><img loading=\"lazy\" decoding=\"async\" width=\"1134\" height=\"1134\" src=\"http:\/\/citt-bio.madrimasd.org\/wp-content\/uploads\/2023\/07\/Diapositiva31.png\" alt=\"\" class=\"wp-image-306\"\/><\/figure>\n\n\n\n<h3 class=\"wp-block-heading has-text-align-center\">IIS Fundaci\u00f3n Jim\u00e9nez D\u00edaz<\/h3>\n\n\n\n<div class=\"wp-block-buttons is-content-justification-center is-layout-flex wp-container-core-buttons-is-layout-a89b3969 wp-block-buttons-is-layout-flex\">\n<div class=\"wp-block-button is-style-outline is-style-outline--13\"><a class=\"wp-block-button__link wp-element-button\" href=\"https:\/\/www.fjd.es\/iis-fjd\" target=\"_blank\" rel=\"noreferrer noopener\">WEB<\/a><\/div>\n<\/div>\n<\/div>\n\n\n\n<div class=\"wp-block-column is-layout-flow wp-block-column-is-layout-flow\">\n<figure class=\"wp-block-image size-large\"><img loading=\"lazy\" decoding=\"async\" width=\"1024\" height=\"1024\" src=\"https:\/\/citt-bio.madrimasd.org\/wp-content\/uploads\/2023\/07\/RyC-1024x1024.png\" alt=\"\" class=\"wp-image-436\" srcset=\"https:\/\/citt-bio.madrimasd.org\/wp-content\/uploads\/2023\/07\/RyC-1024x1024.png 1024w, https:\/\/citt-bio.madrimasd.org\/wp-content\/uploads\/2023\/07\/RyC-300x300.png 300w, https:\/\/citt-bio.madrimasd.org\/wp-content\/uploads\/2023\/07\/RyC-150x150.png 150w, https:\/\/citt-bio.madrimasd.org\/wp-content\/uploads\/2023\/07\/RyC-768x768.png 768w, https:\/\/citt-bio.madrimasd.org\/wp-content\/uploads\/2023\/07\/RyC.png 1134w\" sizes=\"auto, (max-width: 1024px) 100vw, 1024px\" \/><\/figure>\n\n\n\n<h3 class=\"wp-block-heading has-text-align-center\"><strong>FIB HU Ram\u00f3n y Cajal (FIBioHRC)<\/strong><\/h3>\n\n\n\n<div class=\"wp-block-buttons is-content-justification-center is-layout-flex wp-container-core-buttons-is-layout-a89b3969 wp-block-buttons-is-layout-flex\">\n<div class=\"wp-block-button is-style-outline is-style-outline--14\"><a class=\"wp-block-button__link wp-element-button\" href=\"https:\/\/www.irycis.org\/es\/irycis\/fundacion\/\" target=\"_blank\" rel=\"noreferrer noopener\">WEB<\/a><\/div>\n<\/div>\n<\/div>\n\n\n\n<div class=\"wp-block-column is-layout-flow wp-block-column-is-layout-flow\">\n<figure class=\"wp-block-image size-large\"><img loading=\"lazy\" decoding=\"async\" width=\"1024\" height=\"1024\" src=\"http:\/\/citt-bio.madrimasd.org\/wp-content\/uploads\/2023\/07\/Diapositiva37-1-1024x1024.png\" alt=\"\" class=\"wp-image-345\" srcset=\"https:\/\/citt-bio.madrimasd.org\/wp-content\/uploads\/2023\/07\/Diapositiva37-1-1024x1024.png 1024w, https:\/\/citt-bio.madrimasd.org\/wp-content\/uploads\/2023\/07\/Diapositiva37-1-300x300.png 300w, https:\/\/citt-bio.madrimasd.org\/wp-content\/uploads\/2023\/07\/Diapositiva37-1-150x150.png 150w, https:\/\/citt-bio.madrimasd.org\/wp-content\/uploads\/2023\/07\/Diapositiva37-1-768x768.png 768w, https:\/\/citt-bio.madrimasd.org\/wp-content\/uploads\/2023\/07\/Diapositiva37-1.png 1134w\" sizes=\"auto, (max-width: 1024px) 100vw, 1024px\" \/><\/figure>\n\n\n\n<h4 class=\"wp-block-heading has-text-align-center\">Instituto Fundaci\u00f3n Te\u00f3filo Hernando<\/h4>\n\n\n\n<div class=\"wp-block-buttons is-content-justification-center is-layout-flex wp-container-core-buttons-is-layout-a89b3969 wp-block-buttons-is-layout-flex\">\n<div class=\"wp-block-button is-style-outline is-style-outline--15\"><a class=\"wp-block-button__link wp-element-button\" href=\"https:\/\/fth.es\/\" target=\"_blank\" rel=\"noreferrer noopener\">WEB<\/a><\/div>\n<\/div>\n<\/div>\n\n\n\n<div class=\"wp-block-column is-layout-flow wp-block-column-is-layout-flow\">\n<figure class=\"wp-block-image size-large\"><img loading=\"lazy\" decoding=\"async\" width=\"1024\" height=\"1024\" src=\"http:\/\/citt-bio.madrimasd.org\/wp-content\/uploads\/2023\/07\/Diapositiva41-1024x1024.png\" alt=\"\" class=\"wp-image-317\" srcset=\"https:\/\/citt-bio.madrimasd.org\/wp-content\/uploads\/2023\/07\/Diapositiva41-1024x1024.png 1024w, https:\/\/citt-bio.madrimasd.org\/wp-content\/uploads\/2023\/07\/Diapositiva41-300x300.png 300w, https:\/\/citt-bio.madrimasd.org\/wp-content\/uploads\/2023\/07\/Diapositiva41-150x150.png 150w, https:\/\/citt-bio.madrimasd.org\/wp-content\/uploads\/2023\/07\/Diapositiva41-768x768.png 768w, https:\/\/citt-bio.madrimasd.org\/wp-content\/uploads\/2023\/07\/Diapositiva41.png 1134w\" sizes=\"auto, (max-width: 1024px) 100vw, 1024px\" \/><\/figure>\n\n\n\n<h4 class=\"wp-block-heading has-text-align-center\">Fundaci\u00f3n HM Investigaci\u00f3n<\/h4>\n\n\n\n<div class=\"wp-block-buttons is-content-justification-center is-layout-flex wp-container-core-buttons-is-layout-a89b3969 wp-block-buttons-is-layout-flex\">\n<div class=\"wp-block-button is-style-outline is-style-outline--16\"><a class=\"wp-block-button__link wp-element-button\" href=\"https:\/\/www.fundacionhm.com\/\" target=\"_blank\" rel=\"noreferrer noopener\">WEB<\/a><\/div>\n<\/div>\n<\/div>\n<\/div>\n\n\n\n<div style=\"height:100px\" aria-hidden=\"true\" class=\"wp-block-spacer\"><\/div>\n\n\n\n<div class=\"wp-block-columns is-layout-flex wp-container-core-columns-is-layout-28f84493 wp-block-columns-is-layout-flex\">\n<div class=\"wp-block-column is-layout-flow wp-block-column-is-layout-flow\">\n<figure class=\"wp-block-image size-large\"><img loading=\"lazy\" decoding=\"async\" width=\"1024\" height=\"1024\" src=\"https:\/\/citt-bio.madrimasd.org\/wp-content\/uploads\/2023\/11\/IIC-1024x1024.png\" alt=\"\" class=\"wp-image-806\" srcset=\"https:\/\/citt-bio.madrimasd.org\/wp-content\/uploads\/2023\/11\/IIC-1024x1024.png 1024w, https:\/\/citt-bio.madrimasd.org\/wp-content\/uploads\/2023\/11\/IIC-300x300.png 300w, https:\/\/citt-bio.madrimasd.org\/wp-content\/uploads\/2023\/11\/IIC-150x150.png 150w, https:\/\/citt-bio.madrimasd.org\/wp-content\/uploads\/2023\/11\/IIC-768x768.png 768w, https:\/\/citt-bio.madrimasd.org\/wp-content\/uploads\/2023\/11\/IIC.png 1134w\" sizes=\"auto, (max-width: 1024px) 100vw, 1024px\" \/><\/figure>\n\n\n\n<h4 class=\"wp-block-heading has-text-align-center\">Instituto de ingenier\u00eda del conocimiento<\/h4>\n\n\n\n<div class=\"wp-block-buttons is-content-justification-center is-layout-flex wp-container-core-buttons-is-layout-a89b3969 wp-block-buttons-is-layout-flex\">\n<div class=\"wp-block-button is-style-outline is-style-outline--17\"><a class=\"wp-block-button__link wp-element-button\" href=\"https:\/\/www.iic.uam.es\/iic\/\" target=\"_blank\" rel=\"noreferrer noopener\">WEB<\/a><\/div>\n<\/div>\n<\/div>\n\n\n\n<div class=\"wp-block-column is-layout-flow wp-block-column-is-layout-flow\"><\/div>\n\n\n\n<div class=\"wp-block-column is-layout-flow wp-block-column-is-layout-flow\"><\/div>\n\n\n\n<div class=\"wp-block-column is-layout-flow wp-block-column-is-layout-flow\"><\/div>\n<\/div>\n","protected":false},"excerpt":{"rendered":"<p>FIB Hospital Universitario de Getafe FIB Hospital Cl\u00ednico San Carlos FIIBAP de Atenci\u00f3n Primaria FIB HU Infanta Sof\u00edaHU del Henares FIB HU Infanta LeonorHU del Sureste FIB HU La Paz FIB HU Puerta del Hierro Majadahonda FIB HU de La Princesa FIB HU Pr\u00edncipe de Asturias FIB Hospital Infantil Univ. Ni\u00f1o Jes\u00fas FIB HU 12 [&hellip;]<\/p>\n","protected":false},"author":3,"featured_media":0,"parent":10,"menu_order":2,"comment_status":"closed","ping_status":"closed","template":"","meta":{"_acf_changed":false,"_mc_calendar":[],"footnotes":""},"class_list":["post-212","page","type-page","status-publish","hentry"],"blocksy_meta":[],"acf":[],"_links":{"self":[{"href":"https:\/\/citt-bio.madrimasd.org\/index.php\/wp-json\/wp\/v2\/pages\/212","targetHints":{"allow":["GET"]}}],"collection":[{"href":"https:\/\/citt-bio.madrimasd.org\/index.php\/wp-json\/wp\/v2\/pages"}],"about":[{"href":"https:\/\/citt-bio.madrimasd.org\/index.php\/wp-json\/wp\/v2\/types\/page"}],"author":[{"embeddable":true,"href":"https:\/\/citt-bio.madrimasd.org\/index.php\/wp-json\/wp\/v2\/users\/3"}],"replies":[{"embeddable":true,"href":"https:\/\/citt-bio.madrimasd.org\/index.php\/wp-json\/wp\/v2\/comments?post=212"}],"version-history":[{"count":6,"href":"https:\/\/citt-bio.madrimasd.org\/index.php\/wp-json\/wp\/v2\/pages\/212\/revisions"}],"predecessor-version":[{"id":808,"href":"https:\/\/citt-bio.madrimasd.org\/index.php\/wp-json\/wp\/v2\/pages\/212\/revisions\/808"}],"up":[{"embeddable":true,"href":"https:\/\/citt-bio.madrimasd.org\/index.php\/wp-json\/wp\/v2\/pages\/10"}],"wp:attachment":[{"href":"https:\/\/citt-bio.madrimasd.org\/index.php\/wp-json\/wp\/v2\/media?parent=212"}],"curies":[{"name":"wp","href":"https:\/\/api.w.org\/{rel}","templated":true}]}}