{"id":25,"date":"2023-06-15T11:08:03","date_gmt":"2023-06-15T11:08:03","guid":{"rendered":"http:\/\/citt-humanidadesdigitales.madrimasd.org\/?page_id=25"},"modified":"2023-07-20T12:11:59","modified_gmt":"2023-07-20T10:11:59","slug":"quiero-unirme-al-cluster","status":"publish","type":"page","link":"https:\/\/citt-bio.madrimasd.org\/index.php\/home\/quiero-unirme-al-cluster\/","title":{"rendered":"Quiero unirme al cl\u00faster"},"content":{"rendered":"\n<p><\/p>\n\n\n\n<div class=\"wp-block-columns is-layout-flex wp-container-core-columns-is-layout-28f84493 wp-block-columns-is-layout-flex\">\n<div class=\"wp-block-column is-layout-flow wp-block-column-is-layout-flow\">\n<figure class=\"wp-block-image aligncenter size-large is-resized\"><img loading=\"lazy\" decoding=\"async\" src=\"http:\/\/citt-bio.madrimasd.org\/wp-content\/uploads\/2023\/07\/Diapositiva12-1024x1024.png\" alt=\"\" class=\"wp-image-251\" width=\"150\" height=\"150\" srcset=\"https:\/\/citt-bio.madrimasd.org\/wp-content\/uploads\/2023\/07\/Diapositiva12-1024x1024.png 1024w, https:\/\/citt-bio.madrimasd.org\/wp-content\/uploads\/2023\/07\/Diapositiva12-300x300.png 300w, https:\/\/citt-bio.madrimasd.org\/wp-content\/uploads\/2023\/07\/Diapositiva12-150x150.png 150w, https:\/\/citt-bio.madrimasd.org\/wp-content\/uploads\/2023\/07\/Diapositiva12-768x768.png 768w, https:\/\/citt-bio.madrimasd.org\/wp-content\/uploads\/2023\/07\/Diapositiva12.png 1134w\" sizes=\"auto, (max-width: 150px) 100vw, 150px\" \/><\/figure>\n\n\n\n<h3 class=\"wp-block-heading has-text-align-center\">Paso 1<\/h3>\n\n\n\n<p class=\"has-text-align-center\">Revise los objetivos del cl\u00faster y valore los <br>beneficios de convertirse en miembro<\/p>\n\n\n\n<div class=\"wp-block-buttons is-content-justification-center is-layout-flex wp-container-core-buttons-is-layout-a89b3969 wp-block-buttons-is-layout-flex\">\n<div class=\"wp-block-button is-style-outline is-style-outline--1\"><a class=\"wp-block-button__link wp-element-button\" href=\"https:\/\/citt-bio.madrimasd.org\/index.php\/home\/objetivos\/\" target=\"_blank\" rel=\"noreferrer noopener\">Objetivos<\/a><\/div>\n\n\n\n<div class=\"wp-block-button is-style-outline is-style-outline--2\"><a class=\"wp-block-button__link wp-element-button\" href=\"https:\/\/citt-bio.madrimasd.org\/index.php\/home\/por-que-unirse-al-cluster\/\" target=\"_blank\" rel=\"noreferrer noopener\">Beneficios<\/a><\/div>\n<\/div>\n<\/div>\n\n\n\n<div class=\"wp-block-column is-layout-flow wp-block-column-is-layout-flow\">\n<figure class=\"wp-block-image aligncenter size-large is-resized\"><img loading=\"lazy\" decoding=\"async\" src=\"https:\/\/citt-bio.madrimasd.org\/wp-content\/uploads\/2023\/07\/Diapositiva13-1024x1024.png\" alt=\"\" class=\"wp-image-254\" width=\"150\" height=\"150\" srcset=\"https:\/\/citt-bio.madrimasd.org\/wp-content\/uploads\/2023\/07\/Diapositiva13-1024x1024.png 1024w, https:\/\/citt-bio.madrimasd.org\/wp-content\/uploads\/2023\/07\/Diapositiva13-300x300.png 300w, https:\/\/citt-bio.madrimasd.org\/wp-content\/uploads\/2023\/07\/Diapositiva13-150x150.png 150w, https:\/\/citt-bio.madrimasd.org\/wp-content\/uploads\/2023\/07\/Diapositiva13-768x768.png 768w, https:\/\/citt-bio.madrimasd.org\/wp-content\/uploads\/2023\/07\/Diapositiva13.png 1134w\" sizes=\"auto, (max-width: 150px) 100vw, 150px\" \/><\/figure>\n\n\n\n<h3 class=\"wp-block-heading has-text-align-center\">Paso 2<\/h3>\n\n\n\n<p class=\"has-text-align-center\">Encontrar\u00e1 informaci\u00f3n detallada del CITT-BIO en el <br>acuerdo de funcionamiento<\/p>\n\n\n\n<div class=\"wp-block-buttons alignfull is-content-justification-center is-layout-flex wp-container-core-buttons-is-layout-a89b3969 wp-block-buttons-is-layout-flex\">\n<div class=\"wp-block-button is-style-outline is-style-outline--3\"><a class=\"wp-block-button__link wp-element-button\" href=\"http:\/\/citt-bio.madrimasd.org\/wp-content\/uploads\/2023\/07\/Consultar-Acuerdo-de-funcionamiento.pdf\" target=\"_blank\" rel=\"noreferrer noopener\">Acuerdo de Funcionamiento<\/a><\/div>\n<\/div>\n<\/div>\n\n\n\n<div class=\"wp-block-column is-layout-flow wp-block-column-is-layout-flow\">\n<figure class=\"wp-block-image aligncenter size-full is-resized\"><img loading=\"lazy\" decoding=\"async\" src=\"http:\/\/citt-bio.madrimasd.org\/wp-content\/uploads\/2023\/07\/firma.png\" alt=\"\" class=\"wp-image-256\" width=\"150\" height=\"150\"\/><\/figure>\n\n\n\n<h3 class=\"wp-block-heading has-text-align-center\">Paso 3<\/h3>\n\n\n\n<p class=\"has-text-align-center\">Si quiere formar parte del cl\u00faster, cont\u00e1ctenos y le remitiremos la documentaci\u00f3n requerida para su adhesi\u00f3n<\/p>\n\n\n\n<div class=\"wp-block-buttons is-content-justification-center is-layout-flex wp-container-core-buttons-is-layout-a89b3969 wp-block-buttons-is-layout-flex\">\n<div class=\"wp-block-button is-style-outline is-style-outline--4\"><a class=\"wp-block-button__link has-text-align-center wp-element-button\" href=\"https:\/\/citt-bio.madrimasd.org\/index.php\/contacto\/\" target=\"_blank\" rel=\"noreferrer noopener\">Contacto<\/a><\/div>\n<\/div>\n<\/div>\n<\/div>\n\n\n\n<div style=\"height:100px\" aria-hidden=\"true\" class=\"wp-block-spacer\"><\/div>\n\n\n\n<div class=\"wp-block-columns is-layout-flex wp-container-core-columns-is-layout-28f84493 wp-block-columns-is-layout-flex\">\n<div class=\"wp-block-column is-layout-flow wp-block-column-is-layout-flow\">\n<figure class=\"wp-block-image aligncenter size-large is-resized\"><img loading=\"lazy\" decoding=\"async\" src=\"https:\/\/citt-bio.madrimasd.org\/wp-content\/uploads\/2023\/07\/cuestionario-1024x1024.png\" alt=\"\" class=\"wp-image-257\" width=\"150\" height=\"150\" srcset=\"https:\/\/citt-bio.madrimasd.org\/wp-content\/uploads\/2023\/07\/cuestionario-1024x1024.png 1024w, https:\/\/citt-bio.madrimasd.org\/wp-content\/uploads\/2023\/07\/cuestionario-300x300.png 300w, https:\/\/citt-bio.madrimasd.org\/wp-content\/uploads\/2023\/07\/cuestionario-150x150.png 150w, https:\/\/citt-bio.madrimasd.org\/wp-content\/uploads\/2023\/07\/cuestionario-768x768.png 768w, https:\/\/citt-bio.madrimasd.org\/wp-content\/uploads\/2023\/07\/cuestionario.png 1134w\" sizes=\"auto, (max-width: 150px) 100vw, 150px\" \/><\/figure>\n\n\n\n<h3 class=\"wp-block-heading has-text-align-center\">Paso 4<\/h3>\n\n\n\n<p class=\"has-text-align-center\">Deber\u00e1 rellenar un sencillo cuestionario <br>para conocer mejor su entidad<\/p>\n\n\n\n<div class=\"wp-block-buttons is-content-justification-center is-layout-flex wp-container-core-buttons-is-layout-a89b3969 wp-block-buttons-is-layout-flex\">\n<div class=\"wp-block-button is-style-outline is-style-outline--5\"><a class=\"wp-block-button__link wp-element-button\" href=\"http:\/\/citt-bio.madrimasd.org\/wp-content\/uploads\/2023\/07\/Cuestionario-Who-is-Who-editable.pdf\" target=\"_blank\" rel=\"noreferrer noopener\">Cuestionario Who is Who?<\/a><\/div>\n<\/div>\n<\/div>\n\n\n\n<div class=\"wp-block-column is-layout-flow wp-block-column-is-layout-flow\">\n<figure class=\"wp-block-image aligncenter size-full is-resized\"><img loading=\"lazy\" decoding=\"async\" src=\"http:\/\/citt-bio.madrimasd.org\/wp-content\/uploads\/2023\/07\/Diapositiva15.png\" alt=\"\" class=\"wp-image-258\" width=\"150\" height=\"150\"\/><\/figure>\n\n\n\n<h3 class=\"wp-block-heading has-text-align-center\">Paso 5<\/h3>\n\n\n\n<p class=\"has-text-align-center\">H\u00e1ganos llegar la documentaci\u00f3n cumplimentada a <em>citt.bio@madrimasd.org<\/em><\/p>\n\n\n\n<div class=\"wp-block-buttons is-content-justification-center is-layout-flex wp-container-core-buttons-is-layout-a89b3969 wp-block-buttons-is-layout-flex\">\n<div class=\"wp-block-button is-style-outline is-style-outline--6\"><a class=\"wp-block-button__link has-palette-color-8-background-color has-background wp-element-button\">Correo electr\u00f3nico<\/a><\/div>\n<\/div>\n<\/div>\n\n\n\n<div class=\"wp-block-column is-layout-flow wp-block-column-is-layout-flow\">\n<figure class=\"wp-block-image aligncenter size-large is-resized\"><img loading=\"lazy\" decoding=\"async\" src=\"https:\/\/citt-bio.madrimasd.org\/wp-content\/uploads\/2023\/07\/Diapositiva16-1024x1024.png\" alt=\"\" class=\"wp-image-259\" width=\"150\" height=\"150\" srcset=\"https:\/\/citt-bio.madrimasd.org\/wp-content\/uploads\/2023\/07\/Diapositiva16-1024x1024.png 1024w, https:\/\/citt-bio.madrimasd.org\/wp-content\/uploads\/2023\/07\/Diapositiva16-300x300.png 300w, https:\/\/citt-bio.madrimasd.org\/wp-content\/uploads\/2023\/07\/Diapositiva16-150x150.png 150w, https:\/\/citt-bio.madrimasd.org\/wp-content\/uploads\/2023\/07\/Diapositiva16-768x768.png 768w, https:\/\/citt-bio.madrimasd.org\/wp-content\/uploads\/2023\/07\/Diapositiva16.png 1134w\" sizes=\"auto, (max-width: 150px) 100vw, 150px\" \/><\/figure>\n\n\n\n<h3 class=\"wp-block-heading has-text-align-center\">Paso 6<\/h3>\n\n\n\n<p class=\"has-text-align-center\">Desde la secretaria t\u00e9cnica del CITT-BIO <br>nos pondremos en contacto usted<\/p>\n<\/div>\n<\/div>\n","protected":false},"excerpt":{"rendered":"<p>Paso 1 Revise los objetivos del cl\u00faster y valore los beneficios de convertirse en miembro Paso 2 Encontrar\u00e1 informaci\u00f3n detallada del CITT-BIO en el acuerdo de funcionamiento Paso 3 Si quiere formar parte del cl\u00faster, cont\u00e1ctenos y le remitiremos la documentaci\u00f3n requerida para su adhesi\u00f3n Paso 4 Deber\u00e1 rellenar un sencillo cuestionario para conocer mejor [&hellip;]<\/p>\n","protected":false},"author":3,"featured_media":0,"parent":5,"menu_order":4,"comment_status":"closed","ping_status":"closed","template":"","meta":{"_acf_changed":false,"_mc_calendar":[],"footnotes":""},"class_list":["post-25","page","type-page","status-publish","hentry"],"blocksy_meta":[],"acf":[],"_links":{"self":[{"href":"https:\/\/citt-bio.madrimasd.org\/index.php\/wp-json\/wp\/v2\/pages\/25","targetHints":{"allow":["GET"]}}],"collection":[{"href":"https:\/\/citt-bio.madrimasd.org\/index.php\/wp-json\/wp\/v2\/pages"}],"about":[{"href":"https:\/\/citt-bio.madrimasd.org\/index.php\/wp-json\/wp\/v2\/types\/page"}],"author":[{"embeddable":true,"href":"https:\/\/citt-bio.madrimasd.org\/index.php\/wp-json\/wp\/v2\/users\/3"}],"replies":[{"embeddable":true,"href":"https:\/\/citt-bio.madrimasd.org\/index.php\/wp-json\/wp\/v2\/comments?post=25"}],"version-history":[{"count":16,"href":"https:\/\/citt-bio.madrimasd.org\/index.php\/wp-json\/wp\/v2\/pages\/25\/revisions"}],"predecessor-version":[{"id":507,"href":"https:\/\/citt-bio.madrimasd.org\/index.php\/wp-json\/wp\/v2\/pages\/25\/revisions\/507"}],"up":[{"embeddable":true,"href":"https:\/\/citt-bio.madrimasd.org\/index.php\/wp-json\/wp\/v2\/pages\/5"}],"wp:attachment":[{"href":"https:\/\/citt-bio.madrimasd.org\/index.php\/wp-json\/wp\/v2\/media?parent=25"}],"curies":[{"name":"wp","href":"https:\/\/api.w.org\/{rel}","templated":true}]}}