{"id":8,"date":"2023-06-15T10:54:02","date_gmt":"2023-06-15T10:54:02","guid":{"rendered":"http:\/\/citt-humanidadesdigitales.madrimasd.org\/?page_id=8"},"modified":"2024-02-07T11:41:15","modified_gmt":"2024-02-07T09:41:15","slug":"actividades","status":"publish","type":"page","link":"https:\/\/citt-bio.madrimasd.org\/index.php\/actividades\/","title":{"rendered":"Actividades"},"content":{"rendered":"\n<div class=\"wp-block-cover is-light wp-duotone-unset-1\" style=\"padding-top:0;padding-right:0;padding-bottom:0;padding-left:0;min-height:599px;aspect-ratio:unset;\"><span aria-hidden=\"true\" class=\"wp-block-cover__background has-background-dim-0 has-background-dim has-background-gradient has-young-passion-gradient-background\"><\/span><img loading=\"lazy\" decoding=\"async\" width=\"960\" height=\"720\" class=\"wp-block-cover__image-background wp-image-377\" alt=\"\" src=\"http:\/\/citt-bio.madrimasd.org\/wp-content\/uploads\/2023\/07\/lcl2020.jpg.png\" style=\"object-position:52% 0%\" data-object-fit=\"cover\" data-object-position=\"52% 0%\" srcset=\"https:\/\/citt-bio.madrimasd.org\/wp-content\/uploads\/2023\/07\/lcl2020.jpg.png 960w, https:\/\/citt-bio.madrimasd.org\/wp-content\/uploads\/2023\/07\/lcl2020.jpg-300x225.png 300w, https:\/\/citt-bio.madrimasd.org\/wp-content\/uploads\/2023\/07\/lcl2020.jpg-768x576.png 768w\" sizes=\"auto, (max-width: 960px) 100vw, 960px\" \/><div class=\"wp-block-cover__inner-container is-layout-flow wp-block-cover-is-layout-flow\">\n<ul style=\"line-height:1.4\" class=\"has-small-font-size wp-block-list\">\n<li style=\"font-size:clamp(14px, 0.875rem + ((1vw - 3.2px) * 0.313), 18px);font-style:normal;font-weight:400;line-height:2.9\"><strong>Impulso de proyectos conjuntos <\/strong>priorizando la obtenci\u00f3n de financiaci\u00f3n del PERTE para la Salud de Vanguardia o el Programa Horizonte Europa<\/li>\n\n\n\n<li style=\"font-size:clamp(14px, 0.875rem + ((1vw - 3.2px) * 0.313), 18px);font-style:normal;font-weight:400;line-height:2.9\">Dinamizaci\u00f3n de las <strong>investigaciones cient\u00edficas <\/strong>y <strong>proyectos innovadores <\/strong>de gran relevancia en el sector y el impulso para su comercializaci\u00f3n<\/li>\n\n\n\n<li style=\"font-size:clamp(14px, 0.875rem + ((1vw - 3.2px) * 0.313), 18px);font-style:normal;font-weight:400;line-height:2.9\"><strong>Identificaci\u00f3n y an\u00e1lisis <\/strong>de los retos y necesidades del sector salud para dise\u00f1ar soluciones innovadoras y agilizar la llegada al mercado<\/li>\n\n\n\n<li style=\"font-size:clamp(14px, 0.875rem + ((1vw - 3.2px) * 0.313), 18px);font-style:normal;font-weight:400;line-height:2.9\">Actividades que promuevan la creaci\u00f3n de <strong>producto interior bruto&nbsp; <\/strong>en las entidades de la regi\u00f3n<\/li>\n\n\n\n<li style=\"font-size:clamp(14px, 0.875rem + ((1vw - 3.2px) * 0.313), 18px);font-style:normal;font-weight:400;line-height:2.9\">Identificaci\u00f3n de oportunidades y desarrollo de <strong>planes de formaci\u00f3n <\/strong>en colaboraci\u00f3n con las universidades<\/li>\n\n\n\n<li style=\"font-size:clamp(14px, 0.875rem + ((1vw - 3.2px) * 0.313), 18px);font-style:normal;font-weight:400;line-height:2.9\"><strong>Organizaci\u00f3n y participaci\u00f3n <\/strong>en seminarios, congresos, jornadas y eventos similares<\/li>\n\n\n\n<li style=\"font-size:clamp(14px, 0.875rem + ((1vw - 3.2px) * 0.313), 18px);font-style:normal;font-weight:400;line-height:2.9\"><strong>Campa\u00f1as de comunicaci\u00f3n <\/strong>sobre sus actividades y divulgaci\u00f3n para el entendimiento de cuestiones de inter\u00e9s social, econ\u00f3mico e industrial<\/li>\n\n\n\n<li style=\"font-size:clamp(14px, 0.875rem + ((1vw - 3.2px) * 0.313), 18px);font-style:normal;font-weight:400;line-height:2.9\">Actividades de acompa\u00f1amiento a la <strong>generaci\u00f3n de startups y <em>spin-offs<\/em> <\/strong>del sector<\/li>\n\n\n\n<li style=\"font-size:clamp(14px, 0.875rem + ((1vw - 3.2px) * 0.313), 18px);font-style:normal;font-weight:400;line-height:2.9\">Promoci\u00f3n de la <strong>participaci\u00f3n en redes nacionales e internacionales<\/strong><\/li>\n<\/ul>\n<\/div><\/div>\n\n\n\n<p class=\"has-text-align-right has-cyan-bluish-gray-color has-text-color\" style=\"font-size:10px\">fotograf\u00eda gratuita creada por freepik<\/p>\n","protected":false},"excerpt":{"rendered":"<p>fotograf\u00eda gratuita creada por freepik<\/p>\n","protected":false},"author":3,"featured_media":0,"parent":0,"menu_order":0,"comment_status":"closed","ping_status":"closed","template":"","meta":{"_acf_changed":false,"_mc_calendar":[],"footnotes":""},"class_list":["post-8","page","type-page","status-publish","hentry"],"blocksy_meta":[],"acf":[],"_links":{"self":[{"href":"https:\/\/citt-bio.madrimasd.org\/index.php\/wp-json\/wp\/v2\/pages\/8","targetHints":{"allow":["GET"]}}],"collection":[{"href":"https:\/\/citt-bio.madrimasd.org\/index.php\/wp-json\/wp\/v2\/pages"}],"about":[{"href":"https:\/\/citt-bio.madrimasd.org\/index.php\/wp-json\/wp\/v2\/types\/page"}],"author":[{"embeddable":true,"href":"https:\/\/citt-bio.madrimasd.org\/index.php\/wp-json\/wp\/v2\/users\/3"}],"replies":[{"embeddable":true,"href":"https:\/\/citt-bio.madrimasd.org\/index.php\/wp-json\/wp\/v2\/comments?post=8"}],"version-history":[{"count":5,"href":"https:\/\/citt-bio.madrimasd.org\/index.php\/wp-json\/wp\/v2\/pages\/8\/revisions"}],"predecessor-version":[{"id":1063,"href":"https:\/\/citt-bio.madrimasd.org\/index.php\/wp-json\/wp\/v2\/pages\/8\/revisions\/1063"}],"wp:attachment":[{"href":"https:\/\/citt-bio.madrimasd.org\/index.php\/wp-json\/wp\/v2\/media?parent=8"}],"curies":[{"name":"wp","href":"https:\/\/api.w.org\/{rel}","templated":true}]}}