{"id":891,"date":"2023-11-27T16:50:14","date_gmt":"2023-11-27T14:50:14","guid":{"rendered":"https:\/\/citt-bio.madrimasd.org\/?page_id=891"},"modified":"2024-01-23T11:15:19","modified_gmt":"2024-01-23T09:15:19","slug":"herramientas-para-startups","status":"publish","type":"page","link":"https:\/\/citt-bio.madrimasd.org\/index.php\/herramientas-para-startups\/","title":{"rendered":"Herramientas para Startups"},"content":{"rendered":"\n<div style=\"height:36px\" aria-hidden=\"true\" class=\"wp-block-spacer\"><\/div>\n\n\n\n<div class=\"wp-block-media-text is-stacked-on-mobile\" style=\"grid-template-columns:36% auto\"><figure class=\"wp-block-media-text__media\"><img loading=\"lazy\" decoding=\"async\" width=\"888\" height=\"484\" src=\"https:\/\/citt-bio.madrimasd.org\/wp-content\/uploads\/2023\/11\/instrumentos-financieros-startups-cittbio.png\" alt=\"\" class=\"wp-image-914 size-full\" srcset=\"https:\/\/citt-bio.madrimasd.org\/wp-content\/uploads\/2023\/11\/instrumentos-financieros-startups-cittbio.png 888w, https:\/\/citt-bio.madrimasd.org\/wp-content\/uploads\/2023\/11\/instrumentos-financieros-startups-cittbio-300x164.png 300w, https:\/\/citt-bio.madrimasd.org\/wp-content\/uploads\/2023\/11\/instrumentos-financieros-startups-cittbio-768x419.png 768w\" sizes=\"auto, (max-width: 888px) 100vw, 888px\" \/><\/figure><div class=\"wp-block-media-text__content\">\n<p><\/p>\n\n\n\n<h3 class=\"wp-block-heading\">Actualizaci\u00f3n de Instrumentos financieros p\u00fablicos para startups.<\/h3>\n\n\n\n<p>Adem\u00e1s de todas las ayudas que se muestran en este listado, en los \u00faltimos seis meses se ha dado continuidad a las convocatorias financiadas con fondos de recuperaci\u00f3n europeos en el marco del Plan de Recuperaci\u00f3n, Transformaci\u00f3n y Resiliencia: <em>Next generation EU<\/em>, a trav\u00e9s de dos instrumentos: el Mecanismo para la Recuperaci\u00f3n y la Resiliencia, y REACT-EU. Entre sus acciones para impulsar el emprendimiento innovador se encuentra el desarrollo de la Estrategia Espa\u00f1a Naci\u00f3n Emprendedora, con el fin de potenciar la creaci\u00f3n y el crecimiento de las empresas, el Fondo FOND-ICO Next Tech para impulsar la inversi\u00f3n privada en proyectos digitales innovadores de alto impacto: startups con inversiones inferiores a 1 M\u20ac y <em>scaleups<\/em> con ticket m\u00ednimo superior a 3M\u20ac. y Activa Startups, que se describe en detalle m\u00e1s abajo.<\/p>\n\n\n\n<div class=\"wp-block-buttons is-layout-flex wp-block-buttons-is-layout-flex\">\n<div class=\"wp-block-button is-style-outline is-style-outline--1\"><a class=\"wp-block-button__link wp-element-button\" href=\"https:\/\/www.madrimasd.org\/blogs\/emprendedores\/143762\/instrumentos-financieros-startups\/\" target=\"_blank\" rel=\"noreferrer noopener\">Leer m\u00e1s<\/a><\/div>\n<\/div>\n<\/div><\/div>\n\n\n\n<div class=\"wp-block-media-text is-stacked-on-mobile\" style=\"grid-template-columns:36% auto\"><figure class=\"wp-block-media-text__media\"><img loading=\"lazy\" decoding=\"async\" width=\"980\" height=\"552\" src=\"https:\/\/citt-bio.madrimasd.org\/wp-content\/uploads\/2023\/11\/Healthstartup-2023-cittbio.png\" alt=\"\" class=\"wp-image-917 size-full\" srcset=\"https:\/\/citt-bio.madrimasd.org\/wp-content\/uploads\/2023\/11\/Healthstartup-2023-cittbio.png 980w, https:\/\/citt-bio.madrimasd.org\/wp-content\/uploads\/2023\/11\/Healthstartup-2023-cittbio-300x169.png 300w, https:\/\/citt-bio.madrimasd.org\/wp-content\/uploads\/2023\/11\/Healthstartup-2023-cittbio-768x433.png 768w\" sizes=\"auto, (max-width: 980px) 100vw, 980px\" \/><\/figure><div class=\"wp-block-media-text__content\">\n<p><\/p>\n\n\n\n<h3 class=\"wp-block-heading\">Industry Report HealthTech 2023<\/h3>\n\n\n\n<p><\/p>\n\n\n\n<div class=\"wp-block-buttons is-layout-flex wp-block-buttons-is-layout-flex\">\n<div class=\"wp-block-button is-style-outline is-style-outline--2\"><a class=\"wp-block-button__link wp-element-button\" href=\"http:\/\/www.madrimasd.org\/sites\/default\/files\/Industry%20Report%20HealthTech%20Startup%20Radar%20madri%2Bd.pdf\" target=\"_blank\" rel=\"noreferrer noopener\">Consultar el informe<\/a><\/div>\n<\/div>\n<\/div><\/div>\n\n\n\n<div style=\"height:60px\" aria-hidden=\"true\" class=\"wp-block-spacer\"><\/div>\n\n\n\n<div class=\"wp-block-columns is-layout-flex wp-container-core-columns-is-layout-28f84493 wp-block-columns-is-layout-flex\">\n<div class=\"wp-block-column is-layout-flow wp-block-column-is-layout-flow\">\n<figure class=\"wp-block-image aligncenter size-full is-resized\"><img loading=\"lazy\" decoding=\"async\" width=\"443\" height=\"139\" src=\"http:\/\/citt-bio.madrimasd.org\/wp-content\/uploads\/2023\/11\/heatlhstart-madrid-cittbio.png\" alt=\"\" class=\"wp-image-897\" style=\"width:379px;height:auto\" srcset=\"https:\/\/citt-bio.madrimasd.org\/wp-content\/uploads\/2023\/11\/heatlhstart-madrid-cittbio.png 443w, https:\/\/citt-bio.madrimasd.org\/wp-content\/uploads\/2023\/11\/heatlhstart-madrid-cittbio-300x94.png 300w\" sizes=\"auto, (max-width: 443px) 100vw, 443px\" \/><\/figure>\n\n\n\n<h2 class=\"wp-block-heading has-text-align-center\">Healthstart madri+d<\/h2>\n\n\n\n<p>Programa de la Fundaci\u00f3n para el Conocimiento madri+d para favorecer la creaci\u00f3n de start-ups tecnol\u00f3gicas del sector de salud, provenientes de hospitales, centros de salud, centros de investigaci\u00f3n, universidades y emprendedores independientes, exclusivamente de la Comunidad de Madrid<\/p>\n\n\n\n<div class=\"wp-block-buttons is-content-justification-center is-layout-flex wp-container-core-buttons-is-layout-a89b3969 wp-block-buttons-is-layout-flex\">\n<div class=\"wp-block-button is-style-outline is-style-outline--3\"><a class=\"wp-block-button__link wp-element-button\" href=\"https:\/\/www.madrimasd.org\/healthstart\/\" target=\"_blank\" rel=\"noreferrer noopener\">WEB<\/a><\/div>\n<\/div>\n<\/div>\n\n\n\n<div class=\"wp-block-column is-layout-flow wp-block-column-is-layout-flow\">\n<figure class=\"wp-block-image aligncenter size-full is-resized\"><img loading=\"lazy\" decoding=\"async\" width=\"624\" height=\"400\" src=\"https:\/\/citt-bio.madrimasd.org\/wp-content\/uploads\/2023\/11\/startup-radar-madrid-cittbio-1.png\" alt=\"\" class=\"wp-image-904\" style=\"width:220px;height:auto\" srcset=\"https:\/\/citt-bio.madrimasd.org\/wp-content\/uploads\/2023\/11\/startup-radar-madrid-cittbio-1.png 624w, https:\/\/citt-bio.madrimasd.org\/wp-content\/uploads\/2023\/11\/startup-radar-madrid-cittbio-1-300x192.png 300w\" sizes=\"auto, (max-width: 624px) 100vw, 624px\" \/><\/figure>\n\n\n\n<h2 class=\"wp-block-heading\">Startup radar madri+d<\/h2>\n\n\n\n<p>Informaci\u00f3n sobre las nuevas empresas madri+d, los v\u00eddeos de presentaci\u00f3n y formativos, las entrevistas realizadas a emprendedores y los premios a emprendedores.<\/p>\n\n\n\n<div class=\"wp-block-buttons is-content-justification-center is-layout-flex wp-container-core-buttons-is-layout-a89b3969 wp-block-buttons-is-layout-flex\">\n<div class=\"wp-block-button is-style-outline is-style-outline--4\"><a class=\"wp-block-button__link wp-element-button\" href=\"https:\/\/www.madrimasd.org\/emprendedores\/startup-radar-madrid\" target=\"_blank\" rel=\"noreferrer noopener\">WEB<\/a><\/div>\n<\/div>\n<\/div>\n\n\n\n<div class=\"wp-block-column is-layout-flow wp-block-column-is-layout-flow\">\n<figure class=\"wp-block-image aligncenter size-full is-resized\"><img loading=\"lazy\" decoding=\"async\" width=\"475\" height=\"198\" src=\"http:\/\/citt-bio.madrimasd.org\/wp-content\/uploads\/2023\/11\/Govtechlab-madrid-cittbio.png\" alt=\"\" class=\"wp-image-896\" style=\"width:379px;height:auto\" srcset=\"https:\/\/citt-bio.madrimasd.org\/wp-content\/uploads\/2023\/11\/Govtechlab-madrid-cittbio.png 475w, https:\/\/citt-bio.madrimasd.org\/wp-content\/uploads\/2023\/11\/Govtechlab-madrid-cittbio-300x125.png 300w\" sizes=\"auto, (max-width: 475px) 100vw, 475px\" \/><\/figure>\n\n\n\n<h2 class=\"wp-block-heading has-text-align-center\">Govtechlab Madrid<\/h2>\n\n\n\n<p>Un laboratorio desde el que acercamos la&nbsp;<strong>innovaci\u00f3n<\/strong>&nbsp;generada por&nbsp;<em>startups<\/em>,&nbsp;<em>scaleups<\/em>&nbsp;y pymes digitales a los&nbsp;<strong>retos de las instituciones p\u00fablicas madrile\u00f1as.<\/strong><\/p>\n\n\n\n<div class=\"wp-block-buttons is-content-justification-center is-layout-flex wp-container-core-buttons-is-layout-a89b3969 wp-block-buttons-is-layout-flex\">\n<div class=\"wp-block-button is-style-outline is-style-outline--5\"><a class=\"wp-block-button__link wp-element-button\" href=\"https:\/\/madrid.govtechlab.es\/\" target=\"_blank\" rel=\"noreferrer noopener\">WEB<\/a><\/div>\n<\/div>\n<\/div>\n<\/div>\n\n\n\n<div style=\"height:36px\" aria-hidden=\"true\" class=\"wp-block-spacer\"><\/div>\n\n\n\n<div class=\"wp-block-columns is-layout-flex wp-container-core-columns-is-layout-28f84493 wp-block-columns-is-layout-flex\">\n<div class=\"wp-block-column is-layout-flow wp-block-column-is-layout-flow\">\n<figure class=\"wp-block-image aligncenter size-full is-resized\"><img loading=\"lazy\" decoding=\"async\" width=\"436\" height=\"159\" src=\"http:\/\/citt-bio.madrimasd.org\/wp-content\/uploads\/2023\/11\/plataforma-pyme-cittbio.png\" alt=\"\" class=\"wp-image-900\" style=\"width:348px;height:auto\" srcset=\"https:\/\/citt-bio.madrimasd.org\/wp-content\/uploads\/2023\/11\/plataforma-pyme-cittbio.png 436w, https:\/\/citt-bio.madrimasd.org\/wp-content\/uploads\/2023\/11\/plataforma-pyme-cittbio-300x109.png 300w\" sizes=\"auto, (max-width: 436px) 100vw, 436px\" \/><\/figure>\n\n\n\n<h2 class=\"wp-block-heading has-text-align-center\">Plataforma PYME<\/h2>\n\n\n\n<p>Ofrece informaci\u00f3n para el desarrollo de un proyecto empresarial.<\/p>\n\n\n\n<div class=\"wp-block-buttons is-content-justification-center is-layout-flex wp-container-core-buttons-is-layout-a89b3969 wp-block-buttons-is-layout-flex\">\n<div class=\"wp-block-button is-style-outline is-style-outline--6\"><a class=\"wp-block-button__link wp-element-button\" href=\"https:\/\/plataformapyme.es\/es-es\" target=\"_blank\" rel=\"noreferrer noopener\">WEB<\/a><\/div>\n<\/div>\n<\/div>\n\n\n\n<div class=\"wp-block-column is-layout-flow wp-block-column-is-layout-flow\">\n<figure class=\"wp-block-image aligncenter size-large is-resized\"><img loading=\"lazy\" decoding=\"async\" width=\"1024\" height=\"372\" src=\"http:\/\/citt-bio.madrimasd.org\/wp-content\/uploads\/2023\/11\/EEN-SCALEUP-HEALTH-1024x372.png\" alt=\"\" class=\"wp-image-895\" style=\"width:352px;height:auto\" srcset=\"https:\/\/citt-bio.madrimasd.org\/wp-content\/uploads\/2023\/11\/EEN-SCALEUP-HEALTH-1024x372.png 1024w, https:\/\/citt-bio.madrimasd.org\/wp-content\/uploads\/2023\/11\/EEN-SCALEUP-HEALTH-300x109.png 300w, https:\/\/citt-bio.madrimasd.org\/wp-content\/uploads\/2023\/11\/EEN-SCALEUP-HEALTH-768x279.png 768w, https:\/\/citt-bio.madrimasd.org\/wp-content\/uploads\/2023\/11\/EEN-SCALEUP-HEALTH.png 1100w\" sizes=\"auto, (max-width: 1024px) 100vw, 1024px\" \/><\/figure>\n\n\n\n<h2 class=\"wp-block-heading has-text-align-center\">EEN SCALEUP Health<\/h2>\n\n\n\n<p>Impulsa el crecimiento de las startups y pymes de la Comunidad de Madrid a trav\u00e9s de su internacionalizaci\u00f3n facilit\u00e1ndoles la expansi\u00f3n y acceso a las oportunidades que nos facilita el mercado com\u00fan europeo.<\/p>\n\n\n\n<div class=\"wp-block-buttons is-content-justification-center is-layout-flex wp-container-core-buttons-is-layout-a89b3969 wp-block-buttons-is-layout-flex\">\n<div class=\"wp-block-button is-style-outline is-style-outline--7\"><a class=\"wp-block-button__link wp-element-button\" href=\"https:\/\/www.madrimasd.org\/europa\/een-scaleup-health\" target=\"_blank\" rel=\"noreferrer noopener\">WEB<\/a><\/div>\n<\/div>\n<\/div>\n\n\n\n<div class=\"wp-block-column is-layout-flow wp-block-column-is-layout-flow\">\n<figure class=\"wp-block-image aligncenter size-large\"><img loading=\"lazy\" decoding=\"async\" width=\"1024\" height=\"312\" src=\"http:\/\/citt-bio.madrimasd.org\/wp-content\/uploads\/2023\/11\/madrid-innovation-cittbio-1024x312.png\" alt=\"\" class=\"wp-image-898\" srcset=\"https:\/\/citt-bio.madrimasd.org\/wp-content\/uploads\/2023\/11\/madrid-innovation-cittbio-1024x312.png 1024w, https:\/\/citt-bio.madrimasd.org\/wp-content\/uploads\/2023\/11\/madrid-innovation-cittbio-300x91.png 300w, https:\/\/citt-bio.madrimasd.org\/wp-content\/uploads\/2023\/11\/madrid-innovation-cittbio-768x234.png 768w, https:\/\/citt-bio.madrimasd.org\/wp-content\/uploads\/2023\/11\/madrid-innovation-cittbio.png 1417w\" sizes=\"auto, (max-width: 1024px) 100vw, 1024px\" \/><\/figure>\n\n\n\n<h2 class=\"wp-block-heading has-text-align-center\">Madrid innovation<\/h2>\n\n\n\n<p>Plataforma de colaboraci\u00f3n del ecosistema innovador de la ciudad y herramienta esencial para la conexi\u00f3n entre sus agentes.<\/p>\n\n\n\n<div class=\"wp-block-buttons is-content-justification-center is-layout-flex wp-container-core-buttons-is-layout-a89b3969 wp-block-buttons-is-layout-flex\">\n<div class=\"wp-block-button is-style-outline is-style-outline--8\"><a class=\"wp-block-button__link wp-element-button\" href=\"https:\/\/www.madridinnovation.es\/\" target=\"_blank\" rel=\"noreferrer noopener\">WEB<\/a><\/div>\n<\/div>\n<\/div>\n<\/div>\n\n\n\n<div style=\"height:36px\" aria-hidden=\"true\" class=\"wp-block-spacer\"><\/div>\n\n\n\n<div class=\"wp-block-columns is-layout-flex wp-container-core-columns-is-layout-28f84493 wp-block-columns-is-layout-flex\">\n<div class=\"wp-block-column is-layout-flow wp-block-column-is-layout-flow\">\n<figure class=\"wp-block-image size-full\"><img loading=\"lazy\" decoding=\"async\" width=\"768\" height=\"227\" src=\"http:\/\/citt-bio.madrimasd.org\/wp-content\/uploads\/2023\/11\/CENTOS-DE-INNOVACION-cittbio.png\" alt=\"\" class=\"wp-image-894\" srcset=\"https:\/\/citt-bio.madrimasd.org\/wp-content\/uploads\/2023\/11\/CENTOS-DE-INNOVACION-cittbio.png 768w, https:\/\/citt-bio.madrimasd.org\/wp-content\/uploads\/2023\/11\/CENTOS-DE-INNOVACION-cittbio-300x89.png 300w\" sizes=\"auto, (max-width: 768px) 100vw, 768px\" \/><\/figure>\n\n\n\n<h2 class=\"wp-block-heading has-text-align-center\">Centros de Innovaci\u00f3n de Madrid<\/h2>\n\n\n\n<p>El Ayuntamiento de Madrid gestiona actualmente 3 centros de innovaci\u00f3n: La Nave, Madrid International Lab y Puerta Innovaci\u00f3n. Todos comparten el objetivo de facilitar la innovaci\u00f3n y el encuentro de las personas que la hacen realidad, ofreciendo de manera gratuita espacios compartidos de trabajo y la cesi\u00f3n de salas para formaci\u00f3n y eventos.<\/p>\n\n\n\n<div class=\"wp-block-buttons is-content-justification-center is-layout-flex wp-container-core-buttons-is-layout-a89b3969 wp-block-buttons-is-layout-flex\">\n<div class=\"wp-block-button is-style-outline is-style-outline--9\"><a class=\"wp-block-button__link wp-element-button\" href=\"https:\/\/www.madridinnova.es\/\" target=\"_blank\" rel=\"noreferrer noopener\">WEB<\/a><\/div>\n<\/div>\n<\/div>\n\n\n\n<div class=\"wp-block-column is-layout-flow wp-block-column-is-layout-flow\"><\/div>\n\n\n\n<div class=\"wp-block-column is-layout-flow wp-block-column-is-layout-flow\"><\/div>\n<\/div>\n","protected":false},"excerpt":{"rendered":"<p>Healthstart madri+d Programa de la Fundaci\u00f3n para el Conocimiento madri+d para favorecer la creaci\u00f3n de start-ups tecnol\u00f3gicas del sector de salud, provenientes de hospitales, centros de salud, centros de investigaci\u00f3n, universidades y emprendedores independientes, exclusivamente de la Comunidad de Madrid Startup radar madri+d Informaci\u00f3n sobre las nuevas empresas madri+d, los v\u00eddeos de presentaci\u00f3n y formativos, [&hellip;]<\/p>\n","protected":false},"author":3,"featured_media":0,"parent":0,"menu_order":0,"comment_status":"closed","ping_status":"closed","template":"","meta":{"_acf_changed":false,"_mc_calendar":[],"footnotes":""},"class_list":["post-891","page","type-page","status-publish","hentry"],"blocksy_meta":[],"acf":[],"_links":{"self":[{"href":"https:\/\/citt-bio.madrimasd.org\/index.php\/wp-json\/wp\/v2\/pages\/891","targetHints":{"allow":["GET"]}}],"collection":[{"href":"https:\/\/citt-bio.madrimasd.org\/index.php\/wp-json\/wp\/v2\/pages"}],"about":[{"href":"https:\/\/citt-bio.madrimasd.org\/index.php\/wp-json\/wp\/v2\/types\/page"}],"author":[{"embeddable":true,"href":"https:\/\/citt-bio.madrimasd.org\/index.php\/wp-json\/wp\/v2\/users\/3"}],"replies":[{"embeddable":true,"href":"https:\/\/citt-bio.madrimasd.org\/index.php\/wp-json\/wp\/v2\/comments?post=891"}],"version-history":[{"count":9,"href":"https:\/\/citt-bio.madrimasd.org\/index.php\/wp-json\/wp\/v2\/pages\/891\/revisions"}],"predecessor-version":[{"id":1014,"href":"https:\/\/citt-bio.madrimasd.org\/index.php\/wp-json\/wp\/v2\/pages\/891\/revisions\/1014"}],"wp:attachment":[{"href":"https:\/\/citt-bio.madrimasd.org\/index.php\/wp-json\/wp\/v2\/media?parent=891"}],"curies":[{"name":"wp","href":"https:\/\/api.w.org\/{rel}","templated":true}]}}